{"id":4858,"date":"2024-07-01T12:41:11","date_gmt":"2024-07-01T10:41:11","guid":{"rendered":"https:\/\/www.poseidoncalella.com\/?page_id=4858"},"modified":"2024-07-01T12:41:11","modified_gmt":"2024-07-01T10:41:11","slug":"conditions-generales","status":"publish","type":"page","link":"https:\/\/www.poseidoncalella.com\/fr\/conditions-generales\/","title":{"rendered":"CONDITIONS G\u00c9N\u00c9RALES"},"content":{"rendered":"<h1 style=\"font-size:28px;\">CONDITIONS G\u00c9N\u00c9RALES<\/h1>\n<p>Je d\u00e9clare ne pas avoir d&rsquo;incompatibilit\u00e9 m\u00e9dicale pour exercer l&rsquo;activit\u00e9 de plong\u00e9e (telle que indique le RSTC Diver Medical Questionnaire.)<\/p>\n<p>Je n&rsquo;ai eu aucun changement dans ma condition physique apr\u00e8s la signature de la d\u00e9claration m\u00e9dicale, oui S&rsquo;il y avait des changements, j&rsquo;en informerais le centre de plong\u00e9e.<\/p>\n<p>Je d\u00e9clare avoir la formation n\u00e9cessaire pour pouvoir exercer les activit\u00e9s du centre de plong\u00e9e.<\/p>\n<p>Je d\u00e9clare que mon propre \u00e9quipement est conforme \u00e0 toutes les r\u00e9glementations en vigueur en mati\u00e8re d&rsquo;homologation et s\u00e9curit\u00e9.<\/p>\n<p>Le participant ne peut utiliser son propre mat\u00e9riel que s&rsquo;il est adapt\u00e9 \u00e0 la r\u00e9glementation en vigueur du pays et sera responsable des probl\u00e8mes pouvant r\u00e9sulter de l&rsquo;op\u00e9ration incorrecte de votre \u00e9quipement.<\/p>\n<p>Le centre est responsable de la v\u00e9ri\ufb01cation et de l&rsquo;entretien du mat\u00e9riel de location en bon \u00e9tat, mais cela ne dispense pas le participant de v\u00e9ri\ufb01er personnellement le mat\u00e9riel avant la plong\u00e9e.<\/p>\n<p>Le participant est conscient des e\ufb00orts physiques importants qu&rsquo;implique l&rsquo;activit\u00e9 de la plong\u00e9e. Il est obligatoire d&rsquo;\u00eatre en possession d&rsquo;une assurance accident de plong\u00e9e.<\/p>\n<p>L&rsquo;\u00e2ge minimum pour practiquer des activit\u00e9s sous-marines est de 8 ans. Les moins de 18 ans ont besoin du consentement parental.<\/p>\n<p>Le participant respectera les r\u00e9glementations internationales de plong\u00e9e et les r\u00e8gles de s\u00e9curit\u00e9 en vigueur.<\/p>\n<p>Aucun plongeur ne peut plonger au-del\u00e0 des limites que sa quali\ufb01cation lui impose.<\/p>\n<p>La profondeur maximale de 40 m\u00e8tres ne peut \u00eatre d\u00e9pass\u00e9e tout comme e\ufb00ectuer des paliers de d\u00e9compression sans quali\ufb01cation et \u00e9quipement appropri\u00e9s.<\/p>\n<p>L&rsquo;utilisation de harpons, javelots et autres armes de p\u00eache pendant la plong\u00e9e est interdite.<\/p>\n<p>Dans le cadre des plong\u00e9es de plage, la plong\u00e9e n&rsquo;est autoris\u00e9e que dans la zone de baignade.<\/p>\n<p>Il est n\u00e9cessaire de suivre les instructions des divemasters ou des instructeurs pendant la plong\u00e9e. Le centre de plong\u00e9e Poseidon Diving d\u00e9cline toute responsabilit\u00e9 en cas de perte,<br \/>\nd\u00e9t\u00e9riora2on ou vol de mat\u00e9riel d\u00e9pos\u00e9s sur le bateau ou au centre de plong\u00e9e.<\/p>\n<p>Le participant accepte les tarifs en vigueur du centre Poseidon Diving et les r\u00e8gles d&rsquo;utilisation du vestiaire et parties communes.<\/p>\n<p>Le participant doit annuler au moins un jour \u00e0 l&rsquo;avance les plong\u00e9es pour lesquelles vous \u00eates inscrit, en cas d\u2019oubli elles seront factur\u00e9es int\u00e9gralement.<\/p>\n","protected":false},"excerpt":{"rendered":"<p>CONDITIONS G\u00c9N\u00c9RALES Je d\u00e9clare ne pas avoir d&rsquo;incompatibilit\u00e9 m\u00e9dicale pour exercer l&rsquo;activit\u00e9 de plong\u00e9e (telle que indique le RSTC Diver Medical Questionnaire.) Je n&rsquo;ai eu [&hellip;]<\/p>\n","protected":false},"author":1,"featured_media":0,"parent":0,"menu_order":0,"comment_status":"closed","ping_status":"closed","template":"","meta":{"footnotes":""},"class_list":["post-4858","page","type-page","status-publish","hentry"],"yoast_head":"<!-- This site is optimized with the Yoast SEO plugin v22.4 - https:\/\/yoast.com\/wordpress\/plugins\/seo\/ -->\n<title>CONDITIONS G\u00c9N\u00c9RALES - Poseidon Calella<\/title>\n<meta name=\"robots\" content=\"index, follow, max-snippet:-1, max-image-preview:large, max-video-preview:-1\" \/>\n<link rel=\"canonical\" href=\"https:\/\/www.poseidoncalella.com\/fr\/conditions-generales\/\" \/>\n<meta property=\"og:locale\" content=\"fr_FR\" \/>\n<meta property=\"og:type\" content=\"article\" \/>\n<meta property=\"og:title\" content=\"CONDITIONS G\u00c9N\u00c9RALES - Poseidon Calella\" \/>\n<meta property=\"og:description\" content=\"CONDITIONS G\u00c9N\u00c9RALES Je d\u00e9clare ne pas avoir d&rsquo;incompatibilit\u00e9 m\u00e9dicale pour exercer l&rsquo;activit\u00e9 de plong\u00e9e (telle que indique le RSTC Diver Medical Questionnaire.) Je n&rsquo;ai eu [&hellip;]\" \/>\n<meta property=\"og:url\" content=\"https:\/\/www.poseidoncalella.com\/fr\/conditions-generales\/\" \/>\n<meta property=\"og:site_name\" content=\"Poseidon Calella\" \/>\n<meta property=\"article:publisher\" content=\"https:\/\/www.facebook.com\/Poseidon.Calella\" \/>\n<meta name=\"twitter:card\" content=\"summary_large_image\" \/>\n<script type=\"application\/ld+json\" class=\"yoast-schema-graph\">{\"@context\":\"https:\/\/schema.org\",\"@graph\":[{\"@type\":\"WebPage\",\"@id\":\"https:\/\/www.poseidoncalella.com\/fr\/conditions-generales\/\",\"url\":\"https:\/\/www.poseidoncalella.com\/fr\/conditions-generales\/\",\"name\":\"CONDITIONS G\u00c9N\u00c9RALES - Poseidon Calella\",\"isPartOf\":{\"@id\":\"https:\/\/www.poseidoncalella.com\/#website\"},\"datePublished\":\"2024-07-01T10:41:11+00:00\",\"dateModified\":\"2024-07-01T10:41:11+00:00\",\"breadcrumb\":{\"@id\":\"https:\/\/www.poseidoncalella.com\/fr\/conditions-generales\/#breadcrumb\"},\"inLanguage\":\"fr-FR\",\"potentialAction\":[{\"@type\":\"ReadAction\",\"target\":[\"https:\/\/www.poseidoncalella.com\/fr\/conditions-generales\/\"]}]},{\"@type\":\"BreadcrumbList\",\"@id\":\"https:\/\/www.poseidoncalella.com\/fr\/conditions-generales\/#breadcrumb\",\"itemListElement\":[{\"@type\":\"ListItem\",\"position\":1,\"name\":\"Portada\",\"item\":\"https:\/\/www.poseidoncalella.com\/fr\/\"},{\"@type\":\"ListItem\",\"position\":2,\"name\":\"CONDITIONS G\u00c9N\u00c9RALES\"}]},{\"@type\":\"WebSite\",\"@id\":\"https:\/\/www.poseidoncalella.com\/#website\",\"url\":\"https:\/\/www.poseidoncalella.com\/\",\"name\":\"Poseidon Calella\",\"description\":\"Centre de plong\u00e9e situ\u00e9 \u00e0 Palafrugell, sur la Costa Brava.\",\"publisher\":{\"@id\":\"https:\/\/www.poseidoncalella.com\/#organization\"},\"potentialAction\":[{\"@type\":\"SearchAction\",\"target\":{\"@type\":\"EntryPoint\",\"urlTemplate\":\"https:\/\/www.poseidoncalella.com\/?s={search_term_string}\"},\"query-input\":\"required name=search_term_string\"}],\"inLanguage\":\"fr-FR\"},{\"@type\":\"Organization\",\"@id\":\"https:\/\/www.poseidoncalella.com\/#organization\",\"name\":\"Poseidon Diving\",\"alternateName\":\"Poseidon Calella\",\"url\":\"https:\/\/www.poseidoncalella.com\/\",\"logo\":{\"@type\":\"ImageObject\",\"inLanguage\":\"fr-FR\",\"@id\":\"https:\/\/www.poseidoncalella.com\/#\/schema\/logo\/image\/\",\"url\":\"https:\/\/www.poseidoncalella.com\/wordpress2\/wp-content\/uploads\/2021\/06\/cropped-favicon-1-180x180-1.png\",\"contentUrl\":\"https:\/\/www.poseidoncalella.com\/wordpress2\/wp-content\/uploads\/2021\/06\/cropped-favicon-1-180x180-1.png\",\"width\":180,\"height\":180,\"caption\":\"Poseidon Diving\"},\"image\":{\"@id\":\"https:\/\/www.poseidoncalella.com\/#\/schema\/logo\/image\/\"},\"sameAs\":[\"https:\/\/www.facebook.com\/Poseidon.Calella\",\"https:\/\/www.instagram.com\/poseidoncostabrava\/\"]}]}<\/script>\n<!-- \/ Yoast SEO plugin. -->","yoast_head_json":{"title":"CONDITIONS G\u00c9N\u00c9RALES - Poseidon Calella","robots":{"index":"index","follow":"follow","max-snippet":"max-snippet:-1","max-image-preview":"max-image-preview:large","max-video-preview":"max-video-preview:-1"},"canonical":"https:\/\/www.poseidoncalella.com\/fr\/conditions-generales\/","og_locale":"fr_FR","og_type":"article","og_title":"CONDITIONS G\u00c9N\u00c9RALES - Poseidon Calella","og_description":"CONDITIONS G\u00c9N\u00c9RALES Je d\u00e9clare ne pas avoir d&rsquo;incompatibilit\u00e9 m\u00e9dicale pour exercer l&rsquo;activit\u00e9 de plong\u00e9e (telle que indique le RSTC Diver Medical Questionnaire.) Je n&rsquo;ai eu [&hellip;]","og_url":"https:\/\/www.poseidoncalella.com\/fr\/conditions-generales\/","og_site_name":"Poseidon Calella","article_publisher":"https:\/\/www.facebook.com\/Poseidon.Calella","twitter_card":"summary_large_image","schema":{"@context":"https:\/\/schema.org","@graph":[{"@type":"WebPage","@id":"https:\/\/www.poseidoncalella.com\/fr\/conditions-generales\/","url":"https:\/\/www.poseidoncalella.com\/fr\/conditions-generales\/","name":"CONDITIONS G\u00c9N\u00c9RALES - Poseidon Calella","isPartOf":{"@id":"https:\/\/www.poseidoncalella.com\/#website"},"datePublished":"2024-07-01T10:41:11+00:00","dateModified":"2024-07-01T10:41:11+00:00","breadcrumb":{"@id":"https:\/\/www.poseidoncalella.com\/fr\/conditions-generales\/#breadcrumb"},"inLanguage":"fr-FR","potentialAction":[{"@type":"ReadAction","target":["https:\/\/www.poseidoncalella.com\/fr\/conditions-generales\/"]}]},{"@type":"BreadcrumbList","@id":"https:\/\/www.poseidoncalella.com\/fr\/conditions-generales\/#breadcrumb","itemListElement":[{"@type":"ListItem","position":1,"name":"Portada","item":"https:\/\/www.poseidoncalella.com\/fr\/"},{"@type":"ListItem","position":2,"name":"CONDITIONS G\u00c9N\u00c9RALES"}]},{"@type":"WebSite","@id":"https:\/\/www.poseidoncalella.com\/#website","url":"https:\/\/www.poseidoncalella.com\/","name":"Poseidon Calella","description":"Centre de plong\u00e9e situ\u00e9 \u00e0 Palafrugell, sur la Costa Brava.","publisher":{"@id":"https:\/\/www.poseidoncalella.com\/#organization"},"potentialAction":[{"@type":"SearchAction","target":{"@type":"EntryPoint","urlTemplate":"https:\/\/www.poseidoncalella.com\/?s={search_term_string}"},"query-input":"required name=search_term_string"}],"inLanguage":"fr-FR"},{"@type":"Organization","@id":"https:\/\/www.poseidoncalella.com\/#organization","name":"Poseidon Diving","alternateName":"Poseidon Calella","url":"https:\/\/www.poseidoncalella.com\/","logo":{"@type":"ImageObject","inLanguage":"fr-FR","@id":"https:\/\/www.poseidoncalella.com\/#\/schema\/logo\/image\/","url":"https:\/\/www.poseidoncalella.com\/wordpress2\/wp-content\/uploads\/2021\/06\/cropped-favicon-1-180x180-1.png","contentUrl":"https:\/\/www.poseidoncalella.com\/wordpress2\/wp-content\/uploads\/2021\/06\/cropped-favicon-1-180x180-1.png","width":180,"height":180,"caption":"Poseidon Diving"},"image":{"@id":"https:\/\/www.poseidoncalella.com\/#\/schema\/logo\/image\/"},"sameAs":["https:\/\/www.facebook.com\/Poseidon.Calella","https:\/\/www.instagram.com\/poseidoncostabrava\/"]}]}},"_links":{"self":[{"href":"https:\/\/www.poseidoncalella.com\/fr\/wp-json\/wp\/v2\/pages\/4858","targetHints":{"allow":["GET"]}}],"collection":[{"href":"https:\/\/www.poseidoncalella.com\/fr\/wp-json\/wp\/v2\/pages"}],"about":[{"href":"https:\/\/www.poseidoncalella.com\/fr\/wp-json\/wp\/v2\/types\/page"}],"author":[{"embeddable":true,"href":"https:\/\/www.poseidoncalella.com\/fr\/wp-json\/wp\/v2\/users\/1"}],"replies":[{"embeddable":true,"href":"https:\/\/www.poseidoncalella.com\/fr\/wp-json\/wp\/v2\/comments?post=4858"}],"version-history":[{"count":1,"href":"https:\/\/www.poseidoncalella.com\/fr\/wp-json\/wp\/v2\/pages\/4858\/revisions"}],"predecessor-version":[{"id":4861,"href":"https:\/\/www.poseidoncalella.com\/fr\/wp-json\/wp\/v2\/pages\/4858\/revisions\/4861"}],"wp:attachment":[{"href":"https:\/\/www.poseidoncalella.com\/fr\/wp-json\/wp\/v2\/media?parent=4858"}],"curies":[{"name":"wp","href":"https:\/\/api.w.org\/{rel}","templated":true}]}}