{"id":6768,"date":"2025-08-02T13:24:33","date_gmt":"2025-08-02T11:24:33","guid":{"rendered":"https:\/\/www.poseidoncalella.com\/vertragsbedingungen\/"},"modified":"2025-08-02T13:24:33","modified_gmt":"2025-08-02T11:24:33","slug":"vertragsbedingungen","status":"publish","type":"page","link":"https:\/\/www.poseidoncalella.com\/de\/vertragsbedingungen\/","title":{"rendered":"VERTRAGSBEDINGUNGEN"},"content":{"rendered":"<h2>VERTRAGSBEDINGUNGEN<\/h2>\n<p>Diese Vereinbarung regelt die allgemeinen Kaufbedingungen f\u00fcr die auf dieser Webseite angebotenen Produkte und Dienstleistungen von ALNA, S.A. (im Folgenden ALNA genannt) mit der Steuernummer NIF n\u00ba A17025826 und Sitz in c\/ Gelpi 6, 17210 Calella de Palafrugell (Girona, Spanien).<\/p>\n<p>Der KUNDE akzeptiert beim Abschluss des Registrierungsprozesses und dem Kauf unserer Produkte ausdr\u00fccklich die nachfolgenden Klauseln sowie die Nutzungsbedingungen und Datenschutzrichtlinie unseres Portals, die \u00fcber den Link \u201eDatenschutzrichtlinie\u201c zug\u00e4nglich sind.<\/p>\n<p>Der KUNDE best\u00e4tigt, \u00fcber die erforderliche Rechtsf\u00e4higkeit zu verf\u00fcgen, um verbindliche Vertr\u00e4ge abzuschlie\u00dfen.<\/p>\n<p>Dieser Vertrag ist jederzeit in den rechtlichen Hinweisen unserer Webseite einsehbar.<\/p>\n<ol>\n<li><strong>PREISE UND STEUERN<\/strong><\/li>\n<\/ol>\n<p>Als Gegenleistung f\u00fcr das erworbene Produkt verpflichtet sich der KUNDE, ALNA die auf der Webseite <a href=\"https:\/\/www.poseidoncalella.com\/de\/\">https:\/\/www.poseidoncalella.com\/<\/a> zum Zeitpunkt des Kaufs angegebenen Preise zu zahlen.<\/p>\n<p>Die auf dieser Webseite angebotenen Produkte unterliegen der Mehrwertsteuer (MwSt.), die in den angegebenen Preisen enthalten ist.<\/p>\n<p>Nach Auswahl der Produkte und vor Best\u00e4tigung der Bestellung sowie der Zahlung wird der endg\u00fcltige Kaufpreis inklusive Mehrwertsteuer und gegebenenfalls anfallender Bearbeitungsgeb\u00fchren auf dem Bildschirm angezeigt und erscheint auch in der Bestellbest\u00e4tigung sowie auf der Rechnung.<\/p>\n<p>Nicht ausdr\u00fccklich in der Produktbeschreibung enthaltene Leistungen sind nicht im Preis enthalten.<\/p>\n<ol start=\"2\">\n<li><strong>KAUFABLAUF<\/strong><\/li>\n<\/ol>\n<p>Bestellungen k\u00f6nnen \u00fcber diese Webseite nur von nat\u00fcrlichen Personen ab 14 Jahren oder von Unternehmen get\u00e4tigt werden.<\/p>\n<p>Unsere Produkte werden auf der Webseite einzeln dargestellt. Der Ablauf des Kaufprozesses wird auf der Webseite beschrieben und umfasst folgende Schritte:<\/p>\n<ol>\n<li>W\u00e4hle das gew\u00fcnschte Produkt aus.<\/li>\n<li>F\u00fcge das Produkt dem Warenkorb hinzu und entscheide, ob du weiter einkaufen oder zur Kasse gehen m\u00f6chtest.<\/li>\n<li>F\u00fclle das Formular mit deinen pers\u00f6nlichen Daten aus, um den Kauf abzuschlie\u00dfen.<\/li>\n<li>\u00dcberpr\u00fcfe die Bestellung mit Auflistung der ausgew\u00e4hlten Artikel und der Berechnung des Gesamtpreises.<\/li>\n<li>Gib eine Rechnungsadresse an.<\/li>\n<li>Best\u00e4tige die AGB durch das Anklicken eines Kontrollk\u00e4stchens.<\/li>\n<li>W\u00e4hle die gew\u00fcnschte Zahlungsmethode.<\/li>\n<li>Gib die Zahlungsdaten ein und best\u00e4tige die Bestellung durch Klicken des Buttons \u201eKaufen\u201c.<\/li>\n<li>Nach Best\u00e4tigung erh\u00e4ltst du die Bestellung bzw. Dienstleistung per E-Mail.<\/li>\n<\/ol>\n<p>Der KUNDE ist dar\u00fcber informiert, dass Produktbilder und Beschreibungen nur ann\u00e4hernd das Angebot darstellen k\u00f6nnen und von den tats\u00e4chlichen Produkten abweichen k\u00f6nnen. Die Produktbeschreibungen dienen nur zu Informationszwecken.<\/p>\n<ol start=\"3\">\n<li><strong>VERF\u00dcGBARKEIT UND LIEFERUNG<\/strong><\/li>\n<\/ol>\n<p>Die von ALNA angebotenen Produkte sind weltweit zum Verkauf verf\u00fcgbar und werden zu den in der Beschreibung angegebenen Zeiten und Orten angeboten. Einige Dienstleistungen k\u00f6nnen nicht online gebucht werden, sondern nur telefonisch und werden vor Ort bezahlt. Diese Dienstleistungen sind auf der Webseite entsprechend gekennzeichnet.<\/p>\n<p>Bestellungen werden erst nach erfolgreichem Zahlungseingang bearbeitet.<\/p>\n<p>Der KUNDE erh\u00e4lt eine Bestell- und Zahlungsbest\u00e4tigung per E-Mail.<\/p>\n<p>ALNA beh\u00e4lt sich das Recht vor, Reservierungen bei schlechten Wetterbedingungen zu stornieren, da alle Aktivit\u00e4ten unter bestimmten Wetterbedingungen durchgef\u00fchrt werden m\u00fcssen. Im Falle einer wetterbedingten Stornierung bietet ALNA dem KUNDEN kostenfreie Umbuchung oder vollst\u00e4ndige R\u00fcckerstattung an.<\/p>\n<ol start=\"4\">\n<li><strong>ZAHLUNG UND ZAHLUNGSFRISTEN<\/strong><\/li>\n<\/ol>\n<p>Akzeptierte Zahlungsmethoden:<\/p>\n<ul>\n<li><u>Kredit- und Debitkarten \u00fcber STRIPE:<\/u> sichere Zahlungsabwicklung \u00fcber Stripe.<\/li>\n<li><u>Paypal:<\/u> direkte Verbindung zu Paypal.<\/li>\n<li><u>Bank\u00fcberweisung:<\/u> \u00dcberweisung des Gesamtbetrags auf das angegebene Konto.<\/li>\n<\/ul>\n<p>Nach Zahlungseingang erh\u00e4lt der KUNDE eine Best\u00e4tigung per E-Mail.<\/p>\n<p>ALNA hat keinen Zugriff auf Kreditkartendaten. Alle Zahlungssysteme sind sicher.<\/p>\n<p>Zahlungen erfolgen vor Produktlieferung oder Dienstleistungserbringung. ALNA liefert erst nach Zahlungseingang. ALNA beh\u00e4lt sich das Recht vor, Leistungen bei Zahlungsproblemen vor\u00fcbergehend oder dauerhaft auszusetzen.<\/p>\n<ol start=\"5\">\n<li><strong>RECHNUNGEN<\/strong><\/li>\n<\/ol>\n<p>Auf ausdr\u00fccklichen Wunsch erh\u00e4lt der KUNDE eine Rechnung im PDF-Format per E-Mail an die bei der Bestellung angegebene Adresse. Die Rechnung kann elektronisch oder auf Papier angefordert werden durch Kommentar in der Bestellung oder per Kontaktaufnahme an <a href=\"mailto:info@poseidoncalella.com\">info@poseidoncalella.com<\/a>. F\u00fcr Rechnungen auf Firmenname bitte Kontakt mit dem Kundendienst aufnehmen.<\/p>\n<p>Der KUNDE ist verantwortlich f\u00fcr die Best\u00e4tigung des Empfangs von Benachrichtigungen und hat \u00c4nderungen seiner Daten mitzuteilen. ALNA \u00fcbernimmt keine Haftung f\u00fcr daraus entstehende Folgen.<\/p>\n<ol start=\"6\">\n<li><strong>GARANTIE<\/strong><\/li>\n<\/ol>\n<p>ALNA bem\u00fcht sich um h\u00f6chste Servicequalit\u00e4t, kann jedoch keine Zufriedenheitsgarantie geben. Bei Problemen mit Produkten oder Dienstleistungen bitten wir um schnelle Meldung, damit wir Fehler pr\u00fcfen und schnellstm\u00f6glich beheben k\u00f6nnen.<\/p>\n<ol start=\"7\">\n<li><strong>R\u00dcCKGABERECHT<\/strong><\/li>\n<\/ol>\n<p>Aufgrund der Art der Dienstleistungen sind R\u00fcckgaben ausgeschlossen.<\/p>\n<p>ALNA bietet jedoch eine R\u00fcckgabepolitik f\u00fcr bestimmte hochpreisige Dienstleistungen an, bei deren Erf\u00fcllung ein anteiliger R\u00fcckerstattungsbetrag m\u00f6glich ist. Details hierzu sind unter <a href=\"mailto:info@poseidoncalella.com\">info@poseidoncalella.com<\/a> erh\u00e4ltlich.<\/p>\n<ol start=\"8\">\n<li><strong>WIDERRUFSRECHT<\/strong><\/li>\n<\/ol>\n<p>Gem\u00e4\u00df Artikel 103, Absatz 1 Buchstabe l) des k\u00f6niglichen Gesetzesdekrets 1\/2007 vom 16. November zum Verbraucherschutz gilt kein Widerrufsrecht f\u00fcr Dienstleistungen mit festem Ausf\u00fchrungsdatum oder Zeitraum. Daher ist das Widerrufsrecht f\u00fcr die auf dieser Webseite angebotenen Dienstleistungen ausgeschlossen.<\/p>\n<ol start=\"9\">\n<li><strong>VERTRAGSABSCHLUSS UND \u00c4NDERUNGEN DER DIENSTLEISTUNGEN<\/strong><\/li>\n<\/ol>\n<p>Der Vertrag kommt mit Zahlung des Produkts zustande.<\/p>\n<p>ALNA beh\u00e4lt sich das Recht vor, Eigenschaften und Bedingungen der Dienstleistungen jederzeit zu \u00e4ndern, um diese zu verbessern und dem KUNDEN Vorteile zu bieten.<\/p>\n<ol start=\"10\">\n<li><strong>VERPFLICHTUNGEN DER PARTEIEN<\/strong><\/li>\n<\/ol>\n<p>ALNA verpflichtet sich, die bestellten Produkte und Dienstleistungen mit h\u00f6chster Sorgfalt zu erbringen und die notwendige Infrastruktur zu erhalten.<\/p>\n<p>Der KUNDE verpflichtet sich, die Dienste in gutem Glauben zu nutzen, geltende Gesetze zu beachten und den Kaufpreis fristgerecht zu zahlen.<\/p>\n<p>ALNA garantiert keine ununterbrochene Verf\u00fcgbarkeit der Dienste wegen unvorhersehbarer technischer Probleme. Der KUNDE akzeptiert dies und verzichtet auf Anspr\u00fcche.<\/p>\n<ol start=\"11\">\n<li><strong>KOMMUNIKATION<\/strong><\/li>\n<\/ol>\n<p>Benachrichtigungen erfolgen bevorzugt per E-Mail. Der KUNDE ist verantwortlich f\u00fcr Empfangsbest\u00e4tigungen und Daten\u00e4nderungen, ALNA haftet nicht f\u00fcr daraus entstehende Folgen.<\/p>\n<p>Gem\u00e4\u00df Artikel 21 des Gesetzes 34\/2002 \u00fcber Informationsgesellschaft und elektronischen Handel erhalten Sie Werbe- und Informations-E-Mails an die von Ihnen angegebene Adresse, die jederzeit widerrufbar sind. Der Widerruf erfolgt durch eine E-Mail mit dem Betreff \u201eBAJA\u201c an <a href=\"mailto:info@poseidoncalella.com\">info@poseidoncalella.com<\/a>.<\/p>\n<ol start=\"12\">\n<li><strong>VERPFLICHTUNG, ANNAHME UND G\u00dcLTIGKEIT DES VERTRAGS<\/strong><\/li>\n<\/ol>\n<p>Der KUNDE best\u00e4tigt, die rechtlichen Bedingungen und Datenschutzbestimmungen gelesen und akzeptiert zu haben.<\/p>\n<p>Der KUNDE erkl\u00e4rt, dass alle Informationen zu Produkten, Dienstleistungen und Bedingungen ausreichend sind und akzeptiert diese ausdr\u00fccklich.<\/p>\n<p>Der Vertrag kommt durch Eingabe der Daten und Klick auf \u201eKaufen\u201c zustande und wird durch Zahlung wirksam.<\/p>\n<ol start=\"13\">\n<li><strong>ANWENDBARES RECHT<\/strong><\/li>\n<\/ol>\n<p>Der Vertrag unterliegt dem spanischen Handelsrecht.<\/p>\n<p>Bei Streitigkeiten, die nicht einvernehmlich gel\u00f6st werden k\u00f6nnen, unterwerfen sich die Parteien den zust\u00e4ndigen Gerichten, sofern der Nutzer Verbraucher ist.<\/p>\n<p>Wenn Gerichtsstand vereinbart wird, gilt das Gericht in La Bisbal del Ampurd\u00e1n (Spanien) unter Verzicht auf andere Gerichtsst\u00e4nde.<\/p>\n<p>Wir stellen unseren Kunden den offiziellen Online-Streitbeilegungsservice der Europ\u00e4ischen Kommission zur Verf\u00fcgung: <a href=\"https:\/\/ec.europa.eu\/consumers\/odr\/main\/index.cfm?event=main.home2.show&amp;lng=ES\">https:\/\/ec.europa.eu\/consumers\/odr\/main\/index.cfm?event=main.home2.show&amp;lng=ES<\/a><\/p>\n<ol start=\"14\">\n<li><strong>PERSONENBEZOGENE DATEN<\/strong><\/li>\n<\/ol>\n<p><strong>Hinweis:<\/strong> Diese Allgemeinen Kaufbedingungen wurden zuletzt am 12.07.2021 aktualisiert. \u00c4nderungen und Preis\u00e4nderungen k\u00f6nnen jederzeit erfolgen. Bitte pr\u00fcfen Sie bei jedem Besuch das Ausgabedatum, um sicherzustellen, dass keine \u00c4nderungen vorliegen, die Sie betreffen.<\/p>\n","protected":false},"excerpt":{"rendered":"<p>VERTRAGSBEDINGUNGEN Diese Vereinbarung regelt die allgemeinen Kaufbedingungen f\u00fcr die auf dieser Webseite angebotenen Produkte und Dienstleistungen von ALNA, S.A. (im Folgenden ALNA genannt) mit der [&hellip;]<\/p>\n","protected":false},"author":1,"featured_media":0,"parent":0,"menu_order":0,"comment_status":"closed","ping_status":"closed","template":"","meta":{"footnotes":""},"class_list":["post-6768","page","type-page","status-publish","hentry"],"yoast_head":"<!-- This site is optimized with the Yoast SEO plugin v22.4 - https:\/\/yoast.com\/wordpress\/plugins\/seo\/ -->\n<title>VERTRAGSBEDINGUNGEN - Poseidon Calella<\/title>\n<meta name=\"robots\" content=\"index, follow, max-snippet:-1, max-image-preview:large, max-video-preview:-1\" \/>\n<link rel=\"canonical\" href=\"https:\/\/www.poseidoncalella.com\/vertragsbedingungen\/\" \/>\n<meta property=\"og:locale\" content=\"de_DE\" \/>\n<meta property=\"og:type\" content=\"article\" \/>\n<meta property=\"og:title\" content=\"VERTRAGSBEDINGUNGEN - Poseidon Calella\" \/>\n<meta property=\"og:description\" content=\"VERTRAGSBEDINGUNGEN Diese Vereinbarung regelt die allgemeinen Kaufbedingungen f\u00fcr die auf dieser Webseite angebotenen Produkte und Dienstleistungen von ALNA, S.A. (im Folgenden ALNA genannt) mit der [&hellip;]\" \/>\n<meta property=\"og:url\" content=\"https:\/\/www.poseidoncalella.com\/vertragsbedingungen\/\" \/>\n<meta property=\"og:site_name\" content=\"Poseidon Calella\" \/>\n<meta property=\"article:publisher\" content=\"https:\/\/www.facebook.com\/Poseidon.Calella\" \/>\n<meta name=\"twitter:card\" content=\"summary_large_image\" \/>\n<meta name=\"twitter:label1\" content=\"Gesch\u00e4tzte Lesezeit\" \/>\n\t<meta name=\"twitter:data1\" content=\"6\u00a0Minuten\" \/>\n<script type=\"application\/ld+json\" class=\"yoast-schema-graph\">{\"@context\":\"https:\/\/schema.org\",\"@graph\":[{\"@type\":\"WebPage\",\"@id\":\"https:\/\/www.poseidoncalella.com\/vertragsbedingungen\/\",\"url\":\"https:\/\/www.poseidoncalella.com\/vertragsbedingungen\/\",\"name\":\"VERTRAGSBEDINGUNGEN - Poseidon Calella\",\"isPartOf\":{\"@id\":\"https:\/\/www.poseidoncalella.com\/#website\"},\"datePublished\":\"2025-08-02T11:24:33+00:00\",\"dateModified\":\"2025-08-02T11:24:33+00:00\",\"breadcrumb\":{\"@id\":\"https:\/\/www.poseidoncalella.com\/vertragsbedingungen\/#breadcrumb\"},\"inLanguage\":\"de\",\"potentialAction\":[{\"@type\":\"ReadAction\",\"target\":[\"https:\/\/www.poseidoncalella.com\/vertragsbedingungen\/\"]}]},{\"@type\":\"BreadcrumbList\",\"@id\":\"https:\/\/www.poseidoncalella.com\/vertragsbedingungen\/#breadcrumb\",\"itemListElement\":[{\"@type\":\"ListItem\",\"position\":1,\"name\":\"Portada\",\"item\":\"https:\/\/www.poseidoncalella.com\/de\/\"},{\"@type\":\"ListItem\",\"position\":2,\"name\":\"VERTRAGSBEDINGUNGEN\"}]},{\"@type\":\"WebSite\",\"@id\":\"https:\/\/www.poseidoncalella.com\/#website\",\"url\":\"https:\/\/www.poseidoncalella.com\/\",\"name\":\"Poseidon Calella\",\"description\":\"Tauchzentrum in Palafrugell an der Costa Brava.\",\"publisher\":{\"@id\":\"https:\/\/www.poseidoncalella.com\/#organization\"},\"potentialAction\":[{\"@type\":\"SearchAction\",\"target\":{\"@type\":\"EntryPoint\",\"urlTemplate\":\"https:\/\/www.poseidoncalella.com\/?s={search_term_string}\"},\"query-input\":\"required name=search_term_string\"}],\"inLanguage\":\"de\"},{\"@type\":\"Organization\",\"@id\":\"https:\/\/www.poseidoncalella.com\/#organization\",\"name\":\"Poseidon Diving\",\"alternateName\":\"Poseidon Calella\",\"url\":\"https:\/\/www.poseidoncalella.com\/\",\"logo\":{\"@type\":\"ImageObject\",\"inLanguage\":\"de\",\"@id\":\"https:\/\/www.poseidoncalella.com\/#\/schema\/logo\/image\/\",\"url\":\"https:\/\/www.poseidoncalella.com\/wordpress2\/wp-content\/uploads\/2021\/06\/cropped-favicon-1-180x180-1.png\",\"contentUrl\":\"https:\/\/www.poseidoncalella.com\/wordpress2\/wp-content\/uploads\/2021\/06\/cropped-favicon-1-180x180-1.png\",\"width\":180,\"height\":180,\"caption\":\"Poseidon Diving\"},\"image\":{\"@id\":\"https:\/\/www.poseidoncalella.com\/#\/schema\/logo\/image\/\"},\"sameAs\":[\"https:\/\/www.facebook.com\/Poseidon.Calella\",\"https:\/\/www.instagram.com\/poseidoncostabrava\/\"]}]}<\/script>\n<!-- \/ Yoast SEO plugin. -->","yoast_head_json":{"title":"VERTRAGSBEDINGUNGEN - Poseidon Calella","robots":{"index":"index","follow":"follow","max-snippet":"max-snippet:-1","max-image-preview":"max-image-preview:large","max-video-preview":"max-video-preview:-1"},"canonical":"https:\/\/www.poseidoncalella.com\/vertragsbedingungen\/","og_locale":"de_DE","og_type":"article","og_title":"VERTRAGSBEDINGUNGEN - Poseidon Calella","og_description":"VERTRAGSBEDINGUNGEN Diese Vereinbarung regelt die allgemeinen Kaufbedingungen f\u00fcr die auf dieser Webseite angebotenen Produkte und Dienstleistungen von ALNA, S.A. (im Folgenden ALNA genannt) mit der [&hellip;]","og_url":"https:\/\/www.poseidoncalella.com\/vertragsbedingungen\/","og_site_name":"Poseidon Calella","article_publisher":"https:\/\/www.facebook.com\/Poseidon.Calella","twitter_card":"summary_large_image","twitter_misc":{"Gesch\u00e4tzte Lesezeit":"6\u00a0Minuten"},"schema":{"@context":"https:\/\/schema.org","@graph":[{"@type":"WebPage","@id":"https:\/\/www.poseidoncalella.com\/vertragsbedingungen\/","url":"https:\/\/www.poseidoncalella.com\/vertragsbedingungen\/","name":"VERTRAGSBEDINGUNGEN - Poseidon Calella","isPartOf":{"@id":"https:\/\/www.poseidoncalella.com\/#website"},"datePublished":"2025-08-02T11:24:33+00:00","dateModified":"2025-08-02T11:24:33+00:00","breadcrumb":{"@id":"https:\/\/www.poseidoncalella.com\/vertragsbedingungen\/#breadcrumb"},"inLanguage":"de","potentialAction":[{"@type":"ReadAction","target":["https:\/\/www.poseidoncalella.com\/vertragsbedingungen\/"]}]},{"@type":"BreadcrumbList","@id":"https:\/\/www.poseidoncalella.com\/vertragsbedingungen\/#breadcrumb","itemListElement":[{"@type":"ListItem","position":1,"name":"Portada","item":"https:\/\/www.poseidoncalella.com\/de\/"},{"@type":"ListItem","position":2,"name":"VERTRAGSBEDINGUNGEN"}]},{"@type":"WebSite","@id":"https:\/\/www.poseidoncalella.com\/#website","url":"https:\/\/www.poseidoncalella.com\/","name":"Poseidon Calella","description":"Tauchzentrum in Palafrugell an der Costa Brava.","publisher":{"@id":"https:\/\/www.poseidoncalella.com\/#organization"},"potentialAction":[{"@type":"SearchAction","target":{"@type":"EntryPoint","urlTemplate":"https:\/\/www.poseidoncalella.com\/?s={search_term_string}"},"query-input":"required name=search_term_string"}],"inLanguage":"de"},{"@type":"Organization","@id":"https:\/\/www.poseidoncalella.com\/#organization","name":"Poseidon Diving","alternateName":"Poseidon Calella","url":"https:\/\/www.poseidoncalella.com\/","logo":{"@type":"ImageObject","inLanguage":"de","@id":"https:\/\/www.poseidoncalella.com\/#\/schema\/logo\/image\/","url":"https:\/\/www.poseidoncalella.com\/wordpress2\/wp-content\/uploads\/2021\/06\/cropped-favicon-1-180x180-1.png","contentUrl":"https:\/\/www.poseidoncalella.com\/wordpress2\/wp-content\/uploads\/2021\/06\/cropped-favicon-1-180x180-1.png","width":180,"height":180,"caption":"Poseidon Diving"},"image":{"@id":"https:\/\/www.poseidoncalella.com\/#\/schema\/logo\/image\/"},"sameAs":["https:\/\/www.facebook.com\/Poseidon.Calella","https:\/\/www.instagram.com\/poseidoncostabrava\/"]}]}},"_links":{"self":[{"href":"https:\/\/www.poseidoncalella.com\/de\/wp-json\/wp\/v2\/pages\/6768","targetHints":{"allow":["GET"]}}],"collection":[{"href":"https:\/\/www.poseidoncalella.com\/de\/wp-json\/wp\/v2\/pages"}],"about":[{"href":"https:\/\/www.poseidoncalella.com\/de\/wp-json\/wp\/v2\/types\/page"}],"author":[{"embeddable":true,"href":"https:\/\/www.poseidoncalella.com\/de\/wp-json\/wp\/v2\/users\/1"}],"replies":[{"embeddable":true,"href":"https:\/\/www.poseidoncalella.com\/de\/wp-json\/wp\/v2\/comments?post=6768"}],"version-history":[{"count":0,"href":"https:\/\/www.poseidoncalella.com\/de\/wp-json\/wp\/v2\/pages\/6768\/revisions"}],"wp:attachment":[{"href":"https:\/\/www.poseidoncalella.com\/de\/wp-json\/wp\/v2\/media?parent=6768"}],"curies":[{"name":"wp","href":"https:\/\/api.w.org\/{rel}","templated":true}]}}