{"id":4855,"date":"2024-07-01T12:40:22","date_gmt":"2024-07-01T10:40:22","guid":{"rendered":"https:\/\/www.poseidoncalella.com\/?page_id=4855"},"modified":"2024-07-01T12:40:22","modified_gmt":"2024-07-01T10:40:22","slug":"allgemeine-bedingungen","status":"publish","type":"page","link":"https:\/\/www.poseidoncalella.com\/de\/allgemeine-bedingungen\/","title":{"rendered":"ALLGEMEINE BEDINGUNGEN"},"content":{"rendered":"<h1 style=\"font-size:28px;\">ALLGEMEINE BEDINGUNGEN<\/h1>\n<p>Ich erkl\u00e4re, dass ich keine medizinische Einschr\u00e4nkung f\u00fcr die Aus\u00fcbung der Tauchaktivit\u00e4t habe (gem\u00e4\u00df dem RSTC Diver Medical)<\/p>\n<p>Ich habe nach der Ausstellung des \u00e4rztlichen AEests keine Ver\u00e4nderung meiner k\u00f6rperlichen Verfassung festgestellt. Sollte es hier \u00c4nderungen geben, werde ich die Tauchbasis benachrichtigen.<\/p>\n<p>Ich erkl\u00e4re, dass ich \u00fcber die erforderliche Ausbildung verf\u00fcge, um die entsprechenden Tauchg\u00e4nge im Tauchzentrum durchf\u00fchren zu k\u00f6nnen.<\/p>\n<p>Ich erkl\u00e4re, dass meine eigene Ausr\u00fcstung allen geltenden Zulassungs- und Sicherheitsbestimmungen entspricht.<\/p>\n<p>Der Teilnehmer darf seine eigene Ausr\u00fcstung nur nutzen, wenn diese den aktuellen Vorschriften des Landes entspricht und ist f\u00fcr die Probleme verantwortlich, die sich aus der Verwendung einer fehlerhaOen Ausr\u00fcstung ergeben.<\/p>\n<p>Die Tauchbasis ist daf\u00fcr verantwortlich, die Leihausr\u00fcstung zu \u00fcberpr\u00fcfen und in gutem Zustand zu halten. Dies befreit den Teilnehmer jedoch nicht davon, seine pers\u00f6nliche Ausr\u00fcstung vor dem Tauchgang zu \u00fcberpr\u00fcfen .<\/p>\n<p>Der Teilnehmer ist sich der gro\u00dfen k\u00f6rperlichen Anstrengung bewusst, die mit der Durchf\u00fchrung der Tauchaktivit\u00e4ten verbunden ist.<\/p>\n<p>Der Besitz einer Tauchunfallversicherung ist zwingend erforderlich.<\/p>\n<p>Das Mindestalter f\u00fcr die Aus\u00fcbung der Unterwasseraktivit\u00e4ten betr\u00e4gt 8 Jahre. Personen unter 18 Jahren ben\u00f6tigen die Zustimmung der Eltern.<\/p>\n<p>Der Teilnehmer sichert zu, die internationalen Tauchvorschriften und aktuellen Sicherheitsbestimmungen zu respektieren.<\/p>\n<p>Kein Taucher darf \u00fcber die Grenzen hinaus tauchen, die ihm seine Quali\ufb01ka:on auferlegt. Ein \u00dcberschreiten der maximalen Tiefe von 40 Metern oder die Durchf\u00fchrung von Dekompressionstauchg\u00e4ngen ist nur mit der entsprechenden Quali\ufb01kation und Ausr\u00fcstung erlaubt<\/p>\n<p>Der Einsatz von Harpunen, Speeren und anderen Angelwa\ufb00en w\u00e4hrend des Tauchgangs ist verboten. Bei Strandtauchg\u00e4ngen ist das Tauchen nur innerhalb des Badebereichs gestaEet.<\/p>\n<p>Es ist notwendig, w\u00e4hrend des Tauchgangs den Anweisungen des Tauchguides oder Tauchlehrers Folge zu leisten.<\/p>\n<p>Das Tauchzentrum Poseidon Diving \u00fcbernimmt keine Haftung f\u00fcr Verlust, Besch\u00e4digung oder Diebstahl von Material was auf dem Boot oder in der Tauchbasis deponiert wurde.<\/p>\n<p>Der Teilnehmer akzeptiert die aktuellen Preise des Poseidon Diving Centers und die Nutzungsbedingungen f\u00fcr das Magazin und andere gemeinschaftliche genutzte R\u00e4umlichkeiten.<\/p>\n<p>Der Teilnehmer muss die Tauchg\u00e4nge an denen er teilnehmen m\u00f6chte mindestens einen Tag im Voraus<br \/>\nabsagen. Bei kurzfristigerer Absage muss der volle Betrag des Tauchganges bezahlt werden.<\/p>\n","protected":false},"excerpt":{"rendered":"<p>ALLGEMEINE BEDINGUNGEN Ich erkl\u00e4re, dass ich keine medizinische Einschr\u00e4nkung f\u00fcr die Aus\u00fcbung der Tauchaktivit\u00e4t habe (gem\u00e4\u00df dem RSTC Diver Medical) Ich habe nach der Ausstellung [&hellip;]<\/p>\n","protected":false},"author":1,"featured_media":0,"parent":0,"menu_order":0,"comment_status":"closed","ping_status":"closed","template":"","meta":{"footnotes":""},"class_list":["post-4855","page","type-page","status-publish","hentry"],"yoast_head":"<!-- This site is optimized with the Yoast SEO plugin v22.4 - https:\/\/yoast.com\/wordpress\/plugins\/seo\/ -->\n<title>ALLGEMEINE BEDINGUNGEN - Poseidon Calella<\/title>\n<meta name=\"robots\" content=\"index, follow, max-snippet:-1, max-image-preview:large, max-video-preview:-1\" \/>\n<link rel=\"canonical\" href=\"https:\/\/www.poseidoncalella.com\/de\/allgemeine-bedingungen\/\" \/>\n<meta property=\"og:locale\" content=\"de_DE\" \/>\n<meta property=\"og:type\" content=\"article\" \/>\n<meta property=\"og:title\" content=\"ALLGEMEINE BEDINGUNGEN - Poseidon Calella\" \/>\n<meta property=\"og:description\" content=\"ALLGEMEINE BEDINGUNGEN Ich erkl\u00e4re, dass ich keine medizinische Einschr\u00e4nkung f\u00fcr die Aus\u00fcbung der Tauchaktivit\u00e4t habe (gem\u00e4\u00df dem RSTC Diver Medical) Ich habe nach der Ausstellung [&hellip;]\" \/>\n<meta property=\"og:url\" content=\"https:\/\/www.poseidoncalella.com\/de\/allgemeine-bedingungen\/\" \/>\n<meta property=\"og:site_name\" content=\"Poseidon Calella\" \/>\n<meta property=\"article:publisher\" content=\"https:\/\/www.facebook.com\/Poseidon.Calella\" \/>\n<meta name=\"twitter:card\" content=\"summary_large_image\" \/>\n<script type=\"application\/ld+json\" class=\"yoast-schema-graph\">{\"@context\":\"https:\/\/schema.org\",\"@graph\":[{\"@type\":\"WebPage\",\"@id\":\"https:\/\/www.poseidoncalella.com\/de\/allgemeine-bedingungen\/\",\"url\":\"https:\/\/www.poseidoncalella.com\/de\/allgemeine-bedingungen\/\",\"name\":\"ALLGEMEINE BEDINGUNGEN - Poseidon Calella\",\"isPartOf\":{\"@id\":\"https:\/\/www.poseidoncalella.com\/#website\"},\"datePublished\":\"2024-07-01T10:40:22+00:00\",\"dateModified\":\"2024-07-01T10:40:22+00:00\",\"breadcrumb\":{\"@id\":\"https:\/\/www.poseidoncalella.com\/de\/allgemeine-bedingungen\/#breadcrumb\"},\"inLanguage\":\"de\",\"potentialAction\":[{\"@type\":\"ReadAction\",\"target\":[\"https:\/\/www.poseidoncalella.com\/de\/allgemeine-bedingungen\/\"]}]},{\"@type\":\"BreadcrumbList\",\"@id\":\"https:\/\/www.poseidoncalella.com\/de\/allgemeine-bedingungen\/#breadcrumb\",\"itemListElement\":[{\"@type\":\"ListItem\",\"position\":1,\"name\":\"Portada\",\"item\":\"https:\/\/www.poseidoncalella.com\/de\/\"},{\"@type\":\"ListItem\",\"position\":2,\"name\":\"ALLGEMEINE BEDINGUNGEN\"}]},{\"@type\":\"WebSite\",\"@id\":\"https:\/\/www.poseidoncalella.com\/#website\",\"url\":\"https:\/\/www.poseidoncalella.com\/\",\"name\":\"Poseidon Calella\",\"description\":\"Tauchzentrum in Palafrugell an der Costa Brava.\",\"publisher\":{\"@id\":\"https:\/\/www.poseidoncalella.com\/#organization\"},\"potentialAction\":[{\"@type\":\"SearchAction\",\"target\":{\"@type\":\"EntryPoint\",\"urlTemplate\":\"https:\/\/www.poseidoncalella.com\/?s={search_term_string}\"},\"query-input\":\"required name=search_term_string\"}],\"inLanguage\":\"de\"},{\"@type\":\"Organization\",\"@id\":\"https:\/\/www.poseidoncalella.com\/#organization\",\"name\":\"Poseidon Diving\",\"alternateName\":\"Poseidon Calella\",\"url\":\"https:\/\/www.poseidoncalella.com\/\",\"logo\":{\"@type\":\"ImageObject\",\"inLanguage\":\"de\",\"@id\":\"https:\/\/www.poseidoncalella.com\/#\/schema\/logo\/image\/\",\"url\":\"https:\/\/www.poseidoncalella.com\/wordpress2\/wp-content\/uploads\/2021\/06\/cropped-favicon-1-180x180-1.png\",\"contentUrl\":\"https:\/\/www.poseidoncalella.com\/wordpress2\/wp-content\/uploads\/2021\/06\/cropped-favicon-1-180x180-1.png\",\"width\":180,\"height\":180,\"caption\":\"Poseidon Diving\"},\"image\":{\"@id\":\"https:\/\/www.poseidoncalella.com\/#\/schema\/logo\/image\/\"},\"sameAs\":[\"https:\/\/www.facebook.com\/Poseidon.Calella\",\"https:\/\/www.instagram.com\/poseidoncostabrava\/\"]}]}<\/script>\n<!-- \/ Yoast SEO plugin. -->","yoast_head_json":{"title":"ALLGEMEINE BEDINGUNGEN - Poseidon Calella","robots":{"index":"index","follow":"follow","max-snippet":"max-snippet:-1","max-image-preview":"max-image-preview:large","max-video-preview":"max-video-preview:-1"},"canonical":"https:\/\/www.poseidoncalella.com\/de\/allgemeine-bedingungen\/","og_locale":"de_DE","og_type":"article","og_title":"ALLGEMEINE BEDINGUNGEN - Poseidon Calella","og_description":"ALLGEMEINE BEDINGUNGEN Ich erkl\u00e4re, dass ich keine medizinische Einschr\u00e4nkung f\u00fcr die Aus\u00fcbung der Tauchaktivit\u00e4t habe (gem\u00e4\u00df dem RSTC Diver Medical) Ich habe nach der Ausstellung [&hellip;]","og_url":"https:\/\/www.poseidoncalella.com\/de\/allgemeine-bedingungen\/","og_site_name":"Poseidon Calella","article_publisher":"https:\/\/www.facebook.com\/Poseidon.Calella","twitter_card":"summary_large_image","schema":{"@context":"https:\/\/schema.org","@graph":[{"@type":"WebPage","@id":"https:\/\/www.poseidoncalella.com\/de\/allgemeine-bedingungen\/","url":"https:\/\/www.poseidoncalella.com\/de\/allgemeine-bedingungen\/","name":"ALLGEMEINE BEDINGUNGEN - Poseidon Calella","isPartOf":{"@id":"https:\/\/www.poseidoncalella.com\/#website"},"datePublished":"2024-07-01T10:40:22+00:00","dateModified":"2024-07-01T10:40:22+00:00","breadcrumb":{"@id":"https:\/\/www.poseidoncalella.com\/de\/allgemeine-bedingungen\/#breadcrumb"},"inLanguage":"de","potentialAction":[{"@type":"ReadAction","target":["https:\/\/www.poseidoncalella.com\/de\/allgemeine-bedingungen\/"]}]},{"@type":"BreadcrumbList","@id":"https:\/\/www.poseidoncalella.com\/de\/allgemeine-bedingungen\/#breadcrumb","itemListElement":[{"@type":"ListItem","position":1,"name":"Portada","item":"https:\/\/www.poseidoncalella.com\/de\/"},{"@type":"ListItem","position":2,"name":"ALLGEMEINE BEDINGUNGEN"}]},{"@type":"WebSite","@id":"https:\/\/www.poseidoncalella.com\/#website","url":"https:\/\/www.poseidoncalella.com\/","name":"Poseidon Calella","description":"Tauchzentrum in Palafrugell an der Costa Brava.","publisher":{"@id":"https:\/\/www.poseidoncalella.com\/#organization"},"potentialAction":[{"@type":"SearchAction","target":{"@type":"EntryPoint","urlTemplate":"https:\/\/www.poseidoncalella.com\/?s={search_term_string}"},"query-input":"required name=search_term_string"}],"inLanguage":"de"},{"@type":"Organization","@id":"https:\/\/www.poseidoncalella.com\/#organization","name":"Poseidon Diving","alternateName":"Poseidon Calella","url":"https:\/\/www.poseidoncalella.com\/","logo":{"@type":"ImageObject","inLanguage":"de","@id":"https:\/\/www.poseidoncalella.com\/#\/schema\/logo\/image\/","url":"https:\/\/www.poseidoncalella.com\/wordpress2\/wp-content\/uploads\/2021\/06\/cropped-favicon-1-180x180-1.png","contentUrl":"https:\/\/www.poseidoncalella.com\/wordpress2\/wp-content\/uploads\/2021\/06\/cropped-favicon-1-180x180-1.png","width":180,"height":180,"caption":"Poseidon Diving"},"image":{"@id":"https:\/\/www.poseidoncalella.com\/#\/schema\/logo\/image\/"},"sameAs":["https:\/\/www.facebook.com\/Poseidon.Calella","https:\/\/www.instagram.com\/poseidoncostabrava\/"]}]}},"_links":{"self":[{"href":"https:\/\/www.poseidoncalella.com\/de\/wp-json\/wp\/v2\/pages\/4855","targetHints":{"allow":["GET"]}}],"collection":[{"href":"https:\/\/www.poseidoncalella.com\/de\/wp-json\/wp\/v2\/pages"}],"about":[{"href":"https:\/\/www.poseidoncalella.com\/de\/wp-json\/wp\/v2\/types\/page"}],"author":[{"embeddable":true,"href":"https:\/\/www.poseidoncalella.com\/de\/wp-json\/wp\/v2\/users\/1"}],"replies":[{"embeddable":true,"href":"https:\/\/www.poseidoncalella.com\/de\/wp-json\/wp\/v2\/comments?post=4855"}],"version-history":[{"count":1,"href":"https:\/\/www.poseidoncalella.com\/de\/wp-json\/wp\/v2\/pages\/4855\/revisions"}],"predecessor-version":[{"id":4857,"href":"https:\/\/www.poseidoncalella.com\/de\/wp-json\/wp\/v2\/pages\/4855\/revisions\/4857"}],"wp:attachment":[{"href":"https:\/\/www.poseidoncalella.com\/de\/wp-json\/wp\/v2\/media?parent=4855"}],"curies":[{"name":"wp","href":"https:\/\/api.w.org\/{rel}","templated":true}]}}