{"id":3694,"date":"2021-05-12T12:43:57","date_gmt":"2021-05-12T10:43:57","guid":{"rendered":"https:\/\/www.poseidoncalella.com\/politica-de-cookies\/"},"modified":"2021-07-12T12:42:16","modified_gmt":"2021-07-12T10:42:16","slug":"politica-de-cookies","status":"publish","type":"page","link":"https:\/\/www.poseidoncalella.com\/de\/politica-de-cookies\/","title":{"rendered":"POL\u00cdTICA DE COOKIES"},"content":{"rendered":"<h2>Informaci\u00f3n del uso de cookies<\/h2>\n<p><strong>\u00bfQu\u00e9 son las cookies? <\/strong><\/p>\n<p>Las cookies son peque\u00f1os archivos de datos que se reciben en el terminal desde el sitio Web visitado y se usan para registrar ciertas interacciones de la navegaci\u00f3n en un sitio Web almacenando datos que podr\u00e1n ser actualizados y recuperados. Estos archivos se almacenan en el ordenador del usuario y contiene datos an\u00f3nimos que no son perjudiciales para su equipo. Se utilizan para recordar las preferencias del usuario, como el idioma seleccionado, datos de acceso o personalizaci\u00f3n de la p\u00e1gina.<\/p>\n<p>Las Cookies tambi\u00e9n pueden ser utilizadas para registrar informaci\u00f3n an\u00f3nima acerca de c\u00f3mo un visitante utiliza un sitio. Por ejemplo, desde qu\u00e9 p\u00e1gina Web ha accedido, o si ha utilizado un &#8222;banner&#8220; publicitario para llegar.<\/p>\n<p><strong>\u00bfQu\u00e9 uso le damos a los diferentes tipos de cookies?<\/strong><\/p>\n<p><strong>Seg\u00fan su finalidad:<\/strong><\/p>\n<table>\n<tbody>\n<tr>\n<td width=\"325\"><strong>\u00a0<\/strong><\/p>\n<p><strong>\u00a0<\/strong><\/p>\n<p><strong>\u00a0<\/strong><\/p>\n<p><strong>\u00a0<\/strong><\/p>\n<p><strong>Cookies t\u00e9cnicas<\/strong><\/td>\n<td width=\"325\">&nbsp;<\/p>\n<p>Las cookies t\u00e9cnicas son aquellas facilitan la navegaci\u00f3n del usuario y la utilizaci\u00f3n de las diferentes opciones o servicios que ofrece la web como identificar la sesi\u00f3n, permitir el acceso a determinadas \u00e1reas, facilitar pedidos, compras, cumplimentaci\u00f3n de formularios, inscripciones, seguridad, facilitar funcionalidades (videos, redes sociales\u2026).<\/p>\n<p>&nbsp;<\/td>\n<\/tr>\n<tr>\n<td width=\"325\"><strong>\u00a0<\/strong><\/p>\n<p><strong>\u00a0<\/strong><\/p>\n<p><strong>Cookies de personalizaci\u00f3n<\/strong><\/td>\n<td width=\"325\">&nbsp;<\/p>\n<p>Las cookies de personalizaci\u00f3n permiten al usuario acceder a los servicios seg\u00fan sus preferencias (idioma, navegador, configuraci\u00f3n\u2026).<\/p>\n<p>&nbsp;<\/td>\n<\/tr>\n<tr>\n<td width=\"325\"><strong>\u00a0<\/strong><\/p>\n<p><strong>\u00a0<\/strong><\/p>\n<p><strong>Cookies anal\u00edticas<\/strong><\/td>\n<td width=\"325\">&nbsp;<\/p>\n<p>Las cookies de an\u00e1lisis son las utilizadas para llevar a cabo el an\u00e1lisis an\u00f3nimo del comportamiento de los usuarios de la web y que permiten medir la actividad del usuario y elaborar perfiles de navegaci\u00f3n con el fin objetivo de mejorar los sitios web.<\/p>\n<p>&nbsp;<\/td>\n<\/tr>\n<tr>\n<td width=\"325\"><strong>\u00a0<\/strong><\/p>\n<p><strong>\u00a0<\/strong><\/p>\n<p><strong>\u00a0<\/strong><\/p>\n<p><strong>\u00a0<\/strong><\/p>\n<p><strong>Cookies publicitarias<\/strong><\/td>\n<td width=\"325\">&nbsp;<\/p>\n<p>Las cookies publicitarias permiten la gesti\u00f3n de los espacios publicitarios de la web. Adem\u00e1s, estas cookies pueden ser de publicidad personalizada y permitir as\u00ed la gesti\u00f3n de los espacios publicitarios de la web en base al comportamiento y h\u00e1bitos de navegaci\u00f3n de usuario, de donde se obtiene su perfil y permiten personalizar la publicidad que se muestra en el navegador del usuario u otros perfiles y redes sociales del usuario.<\/p>\n<p>&nbsp;<\/td>\n<\/tr>\n<\/tbody>\n<\/table>\n<p><strong>Seg\u00fan su plazo:<\/strong><\/p>\n<table>\n<tbody>\n<tr>\n<td width=\"325\"><strong>\u00a0<\/strong><\/p>\n<p><strong>Cookies de sesi\u00f3n<\/strong><\/td>\n<td width=\"325\">&nbsp;<\/p>\n<p>Las cookies de sesi\u00f3n son aquellas que duran el tiempo que el usuario est\u00e1 navegando por la p\u00e1gina Web y se borran al cerrar el navegador.<\/p>\n<p>&nbsp;<\/td>\n<\/tr>\n<tr>\n<td width=\"325\"><strong>\u00a0<\/strong><\/p>\n<p><strong>\u00a0<\/strong><\/p>\n<p><strong>Cookies persistentes<\/strong><\/td>\n<td width=\"325\">&nbsp;<\/p>\n<p>Estas cookies quedan almacenadas en el terminal del usuario hasta que son eliminadas manualmente o haya concluido el periodo de duraci\u00f3n establecido para dicha cookie.<\/p>\n<p>&nbsp;<\/td>\n<\/tr>\n<\/tbody>\n<\/table>\n<p><strong>Seg\u00fan su titularidad:<\/strong><\/p>\n<p>&nbsp;<\/p>\n<table>\n<tbody>\n<tr>\n<td width=\"325\"><strong>\u00a0<\/strong><\/p>\n<p><strong>Cookies propias<\/strong><\/td>\n<td width=\"325\">&nbsp;<\/p>\n<p>Aqu\u00e9llas que se env\u00edan al equipo terminal del usuario desde un equipo o dominio gestionado por el propio editor y desde el que se presta el servicio solicitado por el usuario.<\/p>\n<p>&nbsp;<\/td>\n<\/tr>\n<tr>\n<td width=\"325\"><strong>\u00a0<\/strong><\/p>\n<p><strong>\u00a0<\/strong><\/p>\n<p><strong>Cookies de terceros<\/strong><\/td>\n<td width=\"325\">&nbsp;<\/p>\n<p>Aqu\u00e9llas que se env\u00edan al equipo terminal del usuario desde un equipo o dominio que no es gestionado por el editor, sino por otra entidad que trata los datos obtenidos trav\u00e9s de las cookies.<\/td>\n<\/tr>\n<\/tbody>\n<\/table>\n<p><strong>ALNA <\/strong>utiliza cookies t\u00e9cnicas, de personalizaci\u00f3n, an\u00e1lisis y publicitarias, propias y de terceros, que tratan datos de conexi\u00f3n y\/o del dispositivo, as\u00ed como h\u00e1bitos de navegaci\u00f3n para fines estad\u00edsticos y publicitarios.<\/p>\n<p>Por ello, al acceder a nuestra web, en cumplimiento del art\u00edculo 22 de la Ley de Servicios de la Sociedad de la Informaci\u00f3n le hemos solicitado su consentimiento para su uso.<\/p>\n<p>El suministro de datos personales a trav\u00e9s de nuestro portal y el consentimiento para el uso de cookies <u>requiere una edad m\u00ednima de 14 a\u00f1os<\/u> y la aceptaci\u00f3n expresa de nuestra Pol\u00edtica de Privacidad.<\/p>\n<p><strong>De todas formas, le informamos que puede activar o desactivar las cookies siguiendo las instrucciones de su navegador de Internet:<\/strong><\/p>\n<table width=\"760\">\n<tbody>\n<tr>\n<td width=\"142\"><strong>Chrome<\/strong><\/p>\n<p><strong>\u00a0<\/strong><\/td>\n<td width=\"274\">Configuraci\u00f3n \u00e0 Mostrar opciones avanzadas \u00e0 Privacidad \u00e0 Configuraci\u00f3n de contenido.<\/td>\n<td width=\"246\">support.google.com<\/p>\n<p>&nbsp;<\/td>\n<td width=\"99\"><\/td>\n<\/tr>\n<tr>\n<td width=\"142\"><strong>\u00a0<\/strong><\/p>\n<p><strong>Firefox<\/strong><\/p>\n<p><strong>\u00a0<\/strong><\/td>\n<td width=\"274\">Herramientas \u00e0 Opciones \u00e0 Privacidad \u00e0 Historial \u00e0 Configuraci\u00f3n Personalizada.<\/td>\n<td width=\"246\">support.mozilla.org<\/td>\n<td width=\"99\"><\/td>\n<\/tr>\n<tr>\n<td width=\"142\"><strong>Internet Explorer<\/strong><\/p>\n<p><strong>\u00a0<\/strong><\/td>\n<td width=\"274\">&nbsp;<\/p>\n<p>Herramientas \u00e0 Opciones de Internet \u00e0 Privacidad \u00e0 Configuraci\u00f3n.<\/p>\n<p>&nbsp;<\/td>\n<td width=\"246\">windows.microsoft.com<\/td>\n<td width=\"99\"><\/td>\n<\/tr>\n<tr>\n<td width=\"142\"><strong>Opera<\/strong><\/p>\n<p><strong>\u00a0<\/strong><\/td>\n<td width=\"274\">&nbsp;<\/p>\n<p>Herramientas \u00e0 Preferencias \u00e0 Editar preferencias \u00e0 Cookies.<\/p>\n<p>&nbsp;<\/td>\n<td width=\"246\"><a href=\"http:\/\/www.opera.com\/help\/tutorials\/security\/cookies\/\">http:\/\/www.opera.com\/help\/tutorials\/security\/cookies\/<\/a><\/td>\n<td width=\"99\">&nbsp;<\/p>\n<p>&nbsp;<\/td>\n<\/tr>\n<tr>\n<td width=\"142\"><strong>\u00a0<\/strong><\/p>\n<p><strong>Safari<\/strong><\/p>\n<p><strong>\u00a0<\/strong><\/td>\n<td width=\"274\">&nbsp;<\/p>\n<p>Preferencias \u00e0 Seguridad.<\/p>\n<p>&nbsp;<\/td>\n<td width=\"246\"><a href=\"http:\/\/www.apple.com\">http:\/\/www.apple.com<\/a><\/td>\n<td width=\"99\"><\/td>\n<\/tr>\n<tr>\n<td width=\"142\"><strong>Edge<\/strong><\/p>\n<p><strong>\u00a0<\/strong><\/td>\n<td width=\"274\">&nbsp;<\/p>\n<p>Configuraci\u00f3n \u00e0 Ver configuraci\u00f3n avanzada \u00e0 Privacidad y servicios \u00e0 Cookies.<\/p>\n<p>&nbsp;<\/td>\n<td width=\"246\"><a href=\"https:\/\/privacy.microsoft.com\/es-es\/windows-10-microsoft-edge-and-privacy\">https:\/\/privacy.microsoft.com\/es-es\/windows-10-microsoft-edge-and-privacy<\/a><\/p>\n<p>&nbsp;<\/td>\n<td width=\"99\"><\/td>\n<\/tr>\n<\/tbody>\n<\/table>\n<p>&nbsp;<\/p>\n","protected":false},"excerpt":{"rendered":"<p>Informaci\u00f3n del uso de cookies \u00bfQu\u00e9 son las cookies? Las cookies son peque\u00f1os archivos de datos que se reciben en el terminal desde el sitio [&hellip;]<\/p>\n","protected":false},"author":1,"featured_media":0,"parent":0,"menu_order":0,"comment_status":"closed","ping_status":"closed","template":"","meta":{"footnotes":""},"class_list":["post-3694","page","type-page","status-publish","hentry"],"yoast_head":"<!-- This site is optimized with the Yoast SEO plugin v22.4 - https:\/\/yoast.com\/wordpress\/plugins\/seo\/ -->\n<title>POL\u00cdTICA DE COOKIES - Poseidon Calella<\/title>\n<meta name=\"robots\" content=\"index, follow, max-snippet:-1, max-image-preview:large, max-video-preview:-1\" \/>\n<link rel=\"canonical\" href=\"https:\/\/www.poseidoncalella.com\/de\/politica-de-cookies\/\" \/>\n<meta property=\"og:locale\" content=\"de_DE\" \/>\n<meta property=\"og:type\" content=\"article\" \/>\n<meta property=\"og:title\" content=\"POL\u00cdTICA DE COOKIES - Poseidon Calella\" \/>\n<meta property=\"og:description\" content=\"Informaci\u00f3n del uso de cookies \u00bfQu\u00e9 son las cookies? Las cookies son peque\u00f1os archivos de datos que se reciben en el terminal desde el sitio [&hellip;]\" \/>\n<meta property=\"og:url\" content=\"https:\/\/www.poseidoncalella.com\/de\/politica-de-cookies\/\" \/>\n<meta property=\"og:site_name\" content=\"Poseidon Calella\" \/>\n<meta property=\"article:publisher\" content=\"https:\/\/www.facebook.com\/Poseidon.Calella\" \/>\n<meta property=\"article:modified_time\" content=\"2021-07-12T10:42:16+00:00\" \/>\n<meta name=\"twitter:card\" content=\"summary_large_image\" \/>\n<meta name=\"twitter:label1\" content=\"Gesch\u00e4tzte Lesezeit\" \/>\n\t<meta name=\"twitter:data1\" content=\"3\u00a0Minuten\" \/>\n<script type=\"application\/ld+json\" class=\"yoast-schema-graph\">{\"@context\":\"https:\/\/schema.org\",\"@graph\":[{\"@type\":\"WebPage\",\"@id\":\"https:\/\/www.poseidoncalella.com\/de\/politica-de-cookies\/\",\"url\":\"https:\/\/www.poseidoncalella.com\/de\/politica-de-cookies\/\",\"name\":\"POL\u00cdTICA DE COOKIES - Poseidon Calella\",\"isPartOf\":{\"@id\":\"https:\/\/www.poseidoncalella.com\/#website\"},\"datePublished\":\"2021-05-12T10:43:57+00:00\",\"dateModified\":\"2021-07-12T10:42:16+00:00\",\"breadcrumb\":{\"@id\":\"https:\/\/www.poseidoncalella.com\/de\/politica-de-cookies\/#breadcrumb\"},\"inLanguage\":\"de\",\"potentialAction\":[{\"@type\":\"ReadAction\",\"target\":[\"https:\/\/www.poseidoncalella.com\/de\/politica-de-cookies\/\"]}]},{\"@type\":\"BreadcrumbList\",\"@id\":\"https:\/\/www.poseidoncalella.com\/de\/politica-de-cookies\/#breadcrumb\",\"itemListElement\":[{\"@type\":\"ListItem\",\"position\":1,\"name\":\"Portada\",\"item\":\"https:\/\/www.poseidoncalella.com\/de\/\"},{\"@type\":\"ListItem\",\"position\":2,\"name\":\"POL\u00cdTICA DE COOKIES\"}]},{\"@type\":\"WebSite\",\"@id\":\"https:\/\/www.poseidoncalella.com\/#website\",\"url\":\"https:\/\/www.poseidoncalella.com\/\",\"name\":\"Poseidon Calella\",\"description\":\"Tauchzentrum in Palafrugell an der Costa Brava.\",\"publisher\":{\"@id\":\"https:\/\/www.poseidoncalella.com\/#organization\"},\"potentialAction\":[{\"@type\":\"SearchAction\",\"target\":{\"@type\":\"EntryPoint\",\"urlTemplate\":\"https:\/\/www.poseidoncalella.com\/?s={search_term_string}\"},\"query-input\":\"required name=search_term_string\"}],\"inLanguage\":\"de\"},{\"@type\":\"Organization\",\"@id\":\"https:\/\/www.poseidoncalella.com\/#organization\",\"name\":\"Poseidon Diving\",\"alternateName\":\"Poseidon Calella\",\"url\":\"https:\/\/www.poseidoncalella.com\/\",\"logo\":{\"@type\":\"ImageObject\",\"inLanguage\":\"de\",\"@id\":\"https:\/\/www.poseidoncalella.com\/#\/schema\/logo\/image\/\",\"url\":\"https:\/\/www.poseidoncalella.com\/wordpress2\/wp-content\/uploads\/2021\/06\/cropped-favicon-1-180x180-1.png\",\"contentUrl\":\"https:\/\/www.poseidoncalella.com\/wordpress2\/wp-content\/uploads\/2021\/06\/cropped-favicon-1-180x180-1.png\",\"width\":180,\"height\":180,\"caption\":\"Poseidon Diving\"},\"image\":{\"@id\":\"https:\/\/www.poseidoncalella.com\/#\/schema\/logo\/image\/\"},\"sameAs\":[\"https:\/\/www.facebook.com\/Poseidon.Calella\",\"https:\/\/www.instagram.com\/poseidoncostabrava\/\"]}]}<\/script>\n<!-- \/ Yoast SEO plugin. -->","yoast_head_json":{"title":"POL\u00cdTICA DE COOKIES - Poseidon Calella","robots":{"index":"index","follow":"follow","max-snippet":"max-snippet:-1","max-image-preview":"max-image-preview:large","max-video-preview":"max-video-preview:-1"},"canonical":"https:\/\/www.poseidoncalella.com\/de\/politica-de-cookies\/","og_locale":"de_DE","og_type":"article","og_title":"POL\u00cdTICA DE COOKIES - Poseidon Calella","og_description":"Informaci\u00f3n del uso de cookies \u00bfQu\u00e9 son las cookies? Las cookies son peque\u00f1os archivos de datos que se reciben en el terminal desde el sitio [&hellip;]","og_url":"https:\/\/www.poseidoncalella.com\/de\/politica-de-cookies\/","og_site_name":"Poseidon Calella","article_publisher":"https:\/\/www.facebook.com\/Poseidon.Calella","article_modified_time":"2021-07-12T10:42:16+00:00","twitter_card":"summary_large_image","twitter_misc":{"Gesch\u00e4tzte Lesezeit":"3\u00a0Minuten"},"schema":{"@context":"https:\/\/schema.org","@graph":[{"@type":"WebPage","@id":"https:\/\/www.poseidoncalella.com\/de\/politica-de-cookies\/","url":"https:\/\/www.poseidoncalella.com\/de\/politica-de-cookies\/","name":"POL\u00cdTICA DE COOKIES - Poseidon Calella","isPartOf":{"@id":"https:\/\/www.poseidoncalella.com\/#website"},"datePublished":"2021-05-12T10:43:57+00:00","dateModified":"2021-07-12T10:42:16+00:00","breadcrumb":{"@id":"https:\/\/www.poseidoncalella.com\/de\/politica-de-cookies\/#breadcrumb"},"inLanguage":"de","potentialAction":[{"@type":"ReadAction","target":["https:\/\/www.poseidoncalella.com\/de\/politica-de-cookies\/"]}]},{"@type":"BreadcrumbList","@id":"https:\/\/www.poseidoncalella.com\/de\/politica-de-cookies\/#breadcrumb","itemListElement":[{"@type":"ListItem","position":1,"name":"Portada","item":"https:\/\/www.poseidoncalella.com\/de\/"},{"@type":"ListItem","position":2,"name":"POL\u00cdTICA DE COOKIES"}]},{"@type":"WebSite","@id":"https:\/\/www.poseidoncalella.com\/#website","url":"https:\/\/www.poseidoncalella.com\/","name":"Poseidon Calella","description":"Tauchzentrum in Palafrugell an der Costa Brava.","publisher":{"@id":"https:\/\/www.poseidoncalella.com\/#organization"},"potentialAction":[{"@type":"SearchAction","target":{"@type":"EntryPoint","urlTemplate":"https:\/\/www.poseidoncalella.com\/?s={search_term_string}"},"query-input":"required name=search_term_string"}],"inLanguage":"de"},{"@type":"Organization","@id":"https:\/\/www.poseidoncalella.com\/#organization","name":"Poseidon Diving","alternateName":"Poseidon Calella","url":"https:\/\/www.poseidoncalella.com\/","logo":{"@type":"ImageObject","inLanguage":"de","@id":"https:\/\/www.poseidoncalella.com\/#\/schema\/logo\/image\/","url":"https:\/\/www.poseidoncalella.com\/wordpress2\/wp-content\/uploads\/2021\/06\/cropped-favicon-1-180x180-1.png","contentUrl":"https:\/\/www.poseidoncalella.com\/wordpress2\/wp-content\/uploads\/2021\/06\/cropped-favicon-1-180x180-1.png","width":180,"height":180,"caption":"Poseidon Diving"},"image":{"@id":"https:\/\/www.poseidoncalella.com\/#\/schema\/logo\/image\/"},"sameAs":["https:\/\/www.facebook.com\/Poseidon.Calella","https:\/\/www.instagram.com\/poseidoncostabrava\/"]}]}},"_links":{"self":[{"href":"https:\/\/www.poseidoncalella.com\/de\/wp-json\/wp\/v2\/pages\/3694","targetHints":{"allow":["GET"]}}],"collection":[{"href":"https:\/\/www.poseidoncalella.com\/de\/wp-json\/wp\/v2\/pages"}],"about":[{"href":"https:\/\/www.poseidoncalella.com\/de\/wp-json\/wp\/v2\/types\/page"}],"author":[{"embeddable":true,"href":"https:\/\/www.poseidoncalella.com\/de\/wp-json\/wp\/v2\/users\/1"}],"replies":[{"embeddable":true,"href":"https:\/\/www.poseidoncalella.com\/de\/wp-json\/wp\/v2\/comments?post=3694"}],"version-history":[{"count":3,"href":"https:\/\/www.poseidoncalella.com\/de\/wp-json\/wp\/v2\/pages\/3694\/revisions"}],"predecessor-version":[{"id":4001,"href":"https:\/\/www.poseidoncalella.com\/de\/wp-json\/wp\/v2\/pages\/3694\/revisions\/4001"}],"wp:attachment":[{"href":"https:\/\/www.poseidoncalella.com\/de\/wp-json\/wp\/v2\/media?parent=3694"}],"curies":[{"name":"wp","href":"https:\/\/api.w.org\/{rel}","templated":true}]}}