{"id":4865,"date":"2024-07-01T12:43:20","date_gmt":"2024-07-01T10:43:20","guid":{"rendered":"https:\/\/www.poseidoncalella.com\/?page_id=4865"},"modified":"2024-07-01T12:43:20","modified_gmt":"2024-07-01T10:43:20","slug":"condicions-generals","status":"publish","type":"page","link":"https:\/\/www.poseidoncalella.com\/ca\/condicions-generals\/","title":{"rendered":"CONDICIONS GENERALS"},"content":{"rendered":"<h1 style=\"font-size:28px;\">CONDICIONS GENERALS<\/h1>\n<p>Declaro que no tengo ninguna incompatibilidad m\u00e9dica para realizar la actividad del buceo (tal como indica el cuestionario m\u00e9dico del buceador de la RSTC.)<\/p>\n<p>No he tenido ning\u00fan cambio en mi estado f\u00edsico posterior a la firma de la declaraci\u00f3n m\u00e9dica, si hubiera alg\u00fan cambio lo notificar\u00eda al centro de buceo.<\/p>\n<p>Declaro que tengo la formaci\u00f3n necesaria para poder realizar las actividades en el centro de buceo.<\/p>\n<p>Declaro que mi equipo propio cumple toda la normativa vigente en cuanto a homologaci\u00f3n y seguridad.<\/p>\n<p>El participante podr\u00e1 usar su propio equipo tan s\u00f3lo cuando \u00e9ste se adapte a la normativa vigente del pa\u00eds, y se responsabilizar\u00e1 de los problemas que puedan derivarse de un funcionamiento incorrecto de su equipo.<\/p>\n<p>El centro se encarga de revisar y mantener en buen estado los equipos de alquiler, pero esto no exime al participante de comprobar personalmente el equipo antes de la inmersi\u00f3n.<\/p>\n<p>El participante est\u00e1 al corriente de los importantes esfuerzos f\u00edsicos que conlleva la actividad del buceo.<\/p>\n<p>Es obligatorio estar en posesi\u00f3n de un seguro de accidentes de buceo.<\/p>\n<p>La edad m\u00ednima para realizar las actividades subacu\u00e1ticas es de 8 a\u00f1os. Los menores de 18 a\u00f1os necesitan una autorizaci\u00f3n paterna.<\/p>\n<p>El participante respetar\u00e1 la normativa internacional de buceo y las normas de seguridad vigentes.<\/p>\n<p>Ning\u00fan submarinista puede bucear m\u00e1s all\u00e1 de los l\u00edmites que su calificaci\u00f3n le impone. No se puede sobrepasar la profundidad m\u00e1xima de 40 metros ni realizar paradas de descompresi\u00f3n sin la calificaci\u00f3n y equipo adecuado.<\/p>\n<p>Est\u00e1 prohibido el uso de arpones, jabalinas y otras armas de pesca durante la inmersi\u00f3n. En inmersiones de playa, solo se permite el buceo dentro de la zona de ba\u00f1o.<br \/>\nEs necesario seguir las instrucciones de los divemasters o instructores durante la inmersi\u00f3n.<\/p>\n<p>El centro de buceo Poseidon Diving no se responsabiliza de p\u00e9rdidas, da\u00f1os o robos del material depositado en el barco o en el centro de buceo.<\/p>\n<p>El participante acepta los precios vigentes del centro Poseidon Diving y las normas de utilizaci\u00f3n del vestuario y las zonas comunes.<\/p>\n<p>El participante deber\u00e1 cancelar m\u00ednimo con un d\u00eda de antelaci\u00f3n las inmersiones en las cuales se<br \/>\nhaya inscrito, o bien deber\u00e1 abonarlas \u00edntegramente.<\/p>\n","protected":false},"excerpt":{"rendered":"<p>CONDICIONS GENERALS Declaro que no tengo ninguna incompatibilidad m\u00e9dica para realizar la actividad del buceo (tal como indica el cuestionario m\u00e9dico del buceador de la [&hellip;]<\/p>\n","protected":false},"author":1,"featured_media":0,"parent":0,"menu_order":0,"comment_status":"closed","ping_status":"closed","template":"","meta":{"footnotes":""},"class_list":["post-4865","page","type-page","status-publish","hentry"],"yoast_head":"<!-- This site is optimized with the Yoast SEO plugin v22.4 - https:\/\/yoast.com\/wordpress\/plugins\/seo\/ -->\n<title>CONDICIONS GENERALS - Poseidon Calella<\/title>\n<meta name=\"robots\" content=\"index, follow, max-snippet:-1, max-image-preview:large, max-video-preview:-1\" \/>\n<link rel=\"canonical\" href=\"https:\/\/www.poseidoncalella.com\/ca\/condicions-generals\/\" \/>\n<meta property=\"og:locale\" content=\"es_ES\" \/>\n<meta property=\"og:type\" content=\"article\" \/>\n<meta property=\"og:title\" content=\"CONDICIONS GENERALS - Poseidon Calella\" \/>\n<meta property=\"og:description\" content=\"CONDICIONS GENERALS Declaro que no tengo ninguna incompatibilidad m\u00e9dica para realizar la actividad del buceo (tal como indica el cuestionario m\u00e9dico del buceador de la [&hellip;]\" \/>\n<meta property=\"og:url\" content=\"https:\/\/www.poseidoncalella.com\/ca\/condicions-generals\/\" \/>\n<meta property=\"og:site_name\" content=\"Poseidon Calella\" \/>\n<meta property=\"article:publisher\" content=\"https:\/\/www.facebook.com\/Poseidon.Calella\" \/>\n<meta name=\"twitter:card\" content=\"summary_large_image\" \/>\n<script type=\"application\/ld+json\" class=\"yoast-schema-graph\">{\"@context\":\"https:\/\/schema.org\",\"@graph\":[{\"@type\":\"WebPage\",\"@id\":\"https:\/\/www.poseidoncalella.com\/ca\/condicions-generals\/\",\"url\":\"https:\/\/www.poseidoncalella.com\/ca\/condicions-generals\/\",\"name\":\"CONDICIONS GENERALS - Poseidon Calella\",\"isPartOf\":{\"@id\":\"https:\/\/www.poseidoncalella.com\/#website\"},\"datePublished\":\"2024-07-01T10:43:20+00:00\",\"dateModified\":\"2024-07-01T10:43:20+00:00\",\"breadcrumb\":{\"@id\":\"https:\/\/www.poseidoncalella.com\/ca\/condicions-generals\/#breadcrumb\"},\"inLanguage\":\"es-CA\",\"potentialAction\":[{\"@type\":\"ReadAction\",\"target\":[\"https:\/\/www.poseidoncalella.com\/ca\/condicions-generals\/\"]}]},{\"@type\":\"BreadcrumbList\",\"@id\":\"https:\/\/www.poseidoncalella.com\/ca\/condicions-generals\/#breadcrumb\",\"itemListElement\":[{\"@type\":\"ListItem\",\"position\":1,\"name\":\"Portada\",\"item\":\"https:\/\/www.poseidoncalella.com\/ca\/\"},{\"@type\":\"ListItem\",\"position\":2,\"name\":\"CONDICIONS GENERALS\"}]},{\"@type\":\"WebSite\",\"@id\":\"https:\/\/www.poseidoncalella.com\/#website\",\"url\":\"https:\/\/www.poseidoncalella.com\/\",\"name\":\"Poseidon Calella\",\"description\":\"Centre de busseig situat a Palafrugell, a la Costa Brava\",\"publisher\":{\"@id\":\"https:\/\/www.poseidoncalella.com\/#organization\"},\"potentialAction\":[{\"@type\":\"SearchAction\",\"target\":{\"@type\":\"EntryPoint\",\"urlTemplate\":\"https:\/\/www.poseidoncalella.com\/?s={search_term_string}\"},\"query-input\":\"required name=search_term_string\"}],\"inLanguage\":\"es-CA\"},{\"@type\":\"Organization\",\"@id\":\"https:\/\/www.poseidoncalella.com\/#organization\",\"name\":\"Poseidon Diving\",\"alternateName\":\"Poseidon Calella\",\"url\":\"https:\/\/www.poseidoncalella.com\/\",\"logo\":{\"@type\":\"ImageObject\",\"inLanguage\":\"es-CA\",\"@id\":\"https:\/\/www.poseidoncalella.com\/#\/schema\/logo\/image\/\",\"url\":\"https:\/\/www.poseidoncalella.com\/wordpress2\/wp-content\/uploads\/2021\/06\/cropped-favicon-1-180x180-1.png\",\"contentUrl\":\"https:\/\/www.poseidoncalella.com\/wordpress2\/wp-content\/uploads\/2021\/06\/cropped-favicon-1-180x180-1.png\",\"width\":180,\"height\":180,\"caption\":\"Poseidon Diving\"},\"image\":{\"@id\":\"https:\/\/www.poseidoncalella.com\/#\/schema\/logo\/image\/\"},\"sameAs\":[\"https:\/\/www.facebook.com\/Poseidon.Calella\",\"https:\/\/www.instagram.com\/poseidoncostabrava\/\"]}]}<\/script>\n<!-- \/ Yoast SEO plugin. -->","yoast_head_json":{"title":"CONDICIONS GENERALS - Poseidon Calella","robots":{"index":"index","follow":"follow","max-snippet":"max-snippet:-1","max-image-preview":"max-image-preview:large","max-video-preview":"max-video-preview:-1"},"canonical":"https:\/\/www.poseidoncalella.com\/ca\/condicions-generals\/","og_locale":"es_ES","og_type":"article","og_title":"CONDICIONS GENERALS - Poseidon Calella","og_description":"CONDICIONS GENERALS Declaro que no tengo ninguna incompatibilidad m\u00e9dica para realizar la actividad del buceo (tal como indica el cuestionario m\u00e9dico del buceador de la [&hellip;]","og_url":"https:\/\/www.poseidoncalella.com\/ca\/condicions-generals\/","og_site_name":"Poseidon Calella","article_publisher":"https:\/\/www.facebook.com\/Poseidon.Calella","twitter_card":"summary_large_image","schema":{"@context":"https:\/\/schema.org","@graph":[{"@type":"WebPage","@id":"https:\/\/www.poseidoncalella.com\/ca\/condicions-generals\/","url":"https:\/\/www.poseidoncalella.com\/ca\/condicions-generals\/","name":"CONDICIONS GENERALS - Poseidon Calella","isPartOf":{"@id":"https:\/\/www.poseidoncalella.com\/#website"},"datePublished":"2024-07-01T10:43:20+00:00","dateModified":"2024-07-01T10:43:20+00:00","breadcrumb":{"@id":"https:\/\/www.poseidoncalella.com\/ca\/condicions-generals\/#breadcrumb"},"inLanguage":"es-CA","potentialAction":[{"@type":"ReadAction","target":["https:\/\/www.poseidoncalella.com\/ca\/condicions-generals\/"]}]},{"@type":"BreadcrumbList","@id":"https:\/\/www.poseidoncalella.com\/ca\/condicions-generals\/#breadcrumb","itemListElement":[{"@type":"ListItem","position":1,"name":"Portada","item":"https:\/\/www.poseidoncalella.com\/ca\/"},{"@type":"ListItem","position":2,"name":"CONDICIONS GENERALS"}]},{"@type":"WebSite","@id":"https:\/\/www.poseidoncalella.com\/#website","url":"https:\/\/www.poseidoncalella.com\/","name":"Poseidon Calella","description":"Centre de busseig situat a Palafrugell, a la Costa Brava","publisher":{"@id":"https:\/\/www.poseidoncalella.com\/#organization"},"potentialAction":[{"@type":"SearchAction","target":{"@type":"EntryPoint","urlTemplate":"https:\/\/www.poseidoncalella.com\/?s={search_term_string}"},"query-input":"required name=search_term_string"}],"inLanguage":"es-CA"},{"@type":"Organization","@id":"https:\/\/www.poseidoncalella.com\/#organization","name":"Poseidon Diving","alternateName":"Poseidon Calella","url":"https:\/\/www.poseidoncalella.com\/","logo":{"@type":"ImageObject","inLanguage":"es-CA","@id":"https:\/\/www.poseidoncalella.com\/#\/schema\/logo\/image\/","url":"https:\/\/www.poseidoncalella.com\/wordpress2\/wp-content\/uploads\/2021\/06\/cropped-favicon-1-180x180-1.png","contentUrl":"https:\/\/www.poseidoncalella.com\/wordpress2\/wp-content\/uploads\/2021\/06\/cropped-favicon-1-180x180-1.png","width":180,"height":180,"caption":"Poseidon Diving"},"image":{"@id":"https:\/\/www.poseidoncalella.com\/#\/schema\/logo\/image\/"},"sameAs":["https:\/\/www.facebook.com\/Poseidon.Calella","https:\/\/www.instagram.com\/poseidoncostabrava\/"]}]}},"_links":{"self":[{"href":"https:\/\/www.poseidoncalella.com\/ca\/wp-json\/wp\/v2\/pages\/4865","targetHints":{"allow":["GET"]}}],"collection":[{"href":"https:\/\/www.poseidoncalella.com\/ca\/wp-json\/wp\/v2\/pages"}],"about":[{"href":"https:\/\/www.poseidoncalella.com\/ca\/wp-json\/wp\/v2\/types\/page"}],"author":[{"embeddable":true,"href":"https:\/\/www.poseidoncalella.com\/ca\/wp-json\/wp\/v2\/users\/1"}],"replies":[{"embeddable":true,"href":"https:\/\/www.poseidoncalella.com\/ca\/wp-json\/wp\/v2\/comments?post=4865"}],"version-history":[{"count":1,"href":"https:\/\/www.poseidoncalella.com\/ca\/wp-json\/wp\/v2\/pages\/4865\/revisions"}],"predecessor-version":[{"id":4867,"href":"https:\/\/www.poseidoncalella.com\/ca\/wp-json\/wp\/v2\/pages\/4865\/revisions\/4867"}],"wp:attachment":[{"href":"https:\/\/www.poseidoncalella.com\/ca\/wp-json\/wp\/v2\/media?parent=4865"}],"curies":[{"name":"wp","href":"https:\/\/api.w.org\/{rel}","templated":true}]}}