{"id":4016,"date":"2021-07-12T12:59:10","date_gmt":"2021-07-12T10:59:10","guid":{"rendered":"https:\/\/www.poseidoncalella.com\/?page_id=4016"},"modified":"2021-07-12T12:59:10","modified_gmt":"2021-07-12T10:59:10","slug":"politica-de-cancelacio","status":"publish","type":"page","link":"https:\/\/www.poseidoncalella.com\/ca\/politica-de-cancelacio\/","title":{"rendered":"POL\u00cdTICA DE CANCELACI\u00d3"},"content":{"rendered":"<h2>POL\u00cdTICA DE CANCELACI\u00d3<\/h2>\n<p>Queda establert que \u00e9s possible l&#8217;anul\u00b7laci\u00f3 de l&#8217;activitat per part de centre de busseig POSEIDON DIVING causa de motius meteorol\u00f2gics o altres causes que impedeixin el normal desenvolupament de l&#8217;activitat o impliquin riscos per als clients, segons el criteri del nostre director t\u00e8cnic, ja que la seguretat \u00e9s el nostre comprom\u00eds i principal objectiu. En aquest cas es podr\u00e0 canviar de data o rebre el reemborsament total. POSEIDON DIVING informar\u00e0 de la causa d&#8217;anul\u00b7laci\u00f3 de l&#8217;activitat.<\/p>\n<p>En el cas que la reserva es realitzi en l\u00ednia, EL CLIENT efectuar\u00e0 un dip\u00f2sit d&#8217;un 100% de l&#8217;import total corresponent a la \/ les pla\u00e7a \/ es que reservi.<\/p>\n<p>Les reserves dels nostres productes fetes a trav\u00e9s d&#8217;altres plataformes de venda, estaran subjectes a les condicions i pol\u00edtica de cancel\u00b7laci\u00f3 descrita a la mateixa.<\/p>\n<p>En cas de cancel\u00b7laci\u00f3 per part de client POSEIDON DIVING podr\u00e0, al seu criteri, canviar la data de l&#8217;activitat o acumular la quantitat avan\u00e7ada com a cr\u00e8dit en el compte de client o reintegrar el 100% de l&#8217;dip\u00f2sit. Tot aix\u00f2 si la cancel\u00b7laci\u00f3 es fa constar per email (info@poseidoncalella.com) amb un m\u00ednim de 48 hores abans de l&#8217;inici de l&#8217;activitat.<\/p>\n<p>En cas de cancel\u00b7laci\u00f3 dins de les 48 hores de l&#8217;inici de l&#8217;activitat, o la no presentaci\u00f3 el dia i l&#8217;hora de l&#8217;activitat, quedar\u00e0 anul\u00b7lada la seva reserva i no tindr\u00e0 dret a cap reintegrament cap de la quantitat avan\u00e7ada.<\/p>\n<p>En cas de portar m\u00e9s de 12 mesos sense bussejar, POSEIDON DIVING recomana realitzar una activitat de refresc de t\u00e8cniques de busseig amb nosaltres o en qualsevol altre centre. Si el guia de busseig decideix cancel\u00b7lar una immersi\u00f3 per motius de defici\u00e8ncia, falta de pr\u00e0ctica, o qualsevol altre motiu que el guia consideri, POSEIDON DIVING cobrar\u00e0 el 100% de l&#8217;preu de la immersi\u00f3.<\/p>\n<p>En el cas de les reserves de qualsevol servei (immersi\u00f3 de busseig, curs de busseig o excursi\u00f3 de snorkel), si el client decideixi no realitzar l&#8217;activitat un cop comen\u00e7ada, suspendre-la, o abandonar-la per qualsevol motiu, no es produir\u00e0 cap devoluci\u00f3 de l&#8217;import pagat, at\u00e8s que el centre de busseig ha posat tots els mitjans i serveis per a la realitzaci\u00f3 de l&#8217;activitat.<\/p>\n<p><strong>Cancel\u00b7laci\u00f3 cursos de busseig:<\/strong><\/p>\n<p>Si l&#8217;alumne que est\u00e0 realitzant un curs de busseig ha canviat la part te\u00f2rica en l\u00ednia o ha realitzat la part te\u00f2rica presencial, per\u00f2 no continua amb el curs, l&#8217;alumne haur\u00e0 d&#8217;assumir el cost del producte digital bescanviat o cost de el kit de l&#8217;manual i classes te\u00f2riques rebudes. En el cas que l&#8217;alumne a m\u00e9s hagi realitzat alguna pr\u00e0ctica al mar, aquest haur\u00e0 d&#8217;assumir a m\u00e9s el cost de les pr\u00e0ctiques realitzades.<\/p>\n","protected":false},"excerpt":{"rendered":"<p>POL\u00cdTICA DE CANCELACI\u00d3 Queda establert que \u00e9s possible l&#8217;anul\u00b7laci\u00f3 de l&#8217;activitat per part de centre de busseig POSEIDON DIVING causa de motius meteorol\u00f2gics o altres [&hellip;]<\/p>\n","protected":false},"author":1,"featured_media":0,"parent":0,"menu_order":0,"comment_status":"closed","ping_status":"closed","template":"","meta":{"footnotes":""},"class_list":["post-4016","page","type-page","status-publish","hentry"],"yoast_head":"<!-- This site is optimized with the Yoast SEO plugin v22.4 - https:\/\/yoast.com\/wordpress\/plugins\/seo\/ -->\n<title>POL\u00cdTICA DE CANCELACI\u00d3 - Poseidon Calella<\/title>\n<meta name=\"robots\" content=\"index, follow, max-snippet:-1, max-image-preview:large, max-video-preview:-1\" \/>\n<link rel=\"canonical\" href=\"https:\/\/www.poseidoncalella.com\/ca\/politica-de-cancelacio\/\" \/>\n<meta property=\"og:locale\" content=\"es_ES\" \/>\n<meta property=\"og:type\" content=\"article\" \/>\n<meta property=\"og:title\" content=\"POL\u00cdTICA DE CANCELACI\u00d3 - Poseidon Calella\" \/>\n<meta property=\"og:description\" content=\"POL\u00cdTICA DE CANCELACI\u00d3 Queda establert que \u00e9s possible l&#8217;anul\u00b7laci\u00f3 de l&#8217;activitat per part de centre de busseig POSEIDON DIVING causa de motius meteorol\u00f2gics o altres [&hellip;]\" \/>\n<meta property=\"og:url\" content=\"https:\/\/www.poseidoncalella.com\/ca\/politica-de-cancelacio\/\" \/>\n<meta property=\"og:site_name\" content=\"Poseidon Calella\" \/>\n<meta property=\"article:publisher\" content=\"https:\/\/www.facebook.com\/Poseidon.Calella\" \/>\n<meta name=\"twitter:card\" content=\"summary_large_image\" \/>\n<meta name=\"twitter:label1\" content=\"Est. reading time\" \/>\n\t<meta name=\"twitter:data1\" content=\"2 minutes\" \/>\n<script type=\"application\/ld+json\" class=\"yoast-schema-graph\">{\"@context\":\"https:\/\/schema.org\",\"@graph\":[{\"@type\":\"WebPage\",\"@id\":\"https:\/\/www.poseidoncalella.com\/ca\/politica-de-cancelacio\/\",\"url\":\"https:\/\/www.poseidoncalella.com\/ca\/politica-de-cancelacio\/\",\"name\":\"POL\u00cdTICA DE CANCELACI\u00d3 - Poseidon Calella\",\"isPartOf\":{\"@id\":\"https:\/\/www.poseidoncalella.com\/#website\"},\"datePublished\":\"2021-07-12T10:59:10+00:00\",\"dateModified\":\"2021-07-12T10:59:10+00:00\",\"breadcrumb\":{\"@id\":\"https:\/\/www.poseidoncalella.com\/ca\/politica-de-cancelacio\/#breadcrumb\"},\"inLanguage\":\"es-CA\",\"potentialAction\":[{\"@type\":\"ReadAction\",\"target\":[\"https:\/\/www.poseidoncalella.com\/ca\/politica-de-cancelacio\/\"]}]},{\"@type\":\"BreadcrumbList\",\"@id\":\"https:\/\/www.poseidoncalella.com\/ca\/politica-de-cancelacio\/#breadcrumb\",\"itemListElement\":[{\"@type\":\"ListItem\",\"position\":1,\"name\":\"Portada\",\"item\":\"https:\/\/www.poseidoncalella.com\/ca\/\"},{\"@type\":\"ListItem\",\"position\":2,\"name\":\"POL\u00cdTICA DE CANCELACI\u00d3\"}]},{\"@type\":\"WebSite\",\"@id\":\"https:\/\/www.poseidoncalella.com\/#website\",\"url\":\"https:\/\/www.poseidoncalella.com\/\",\"name\":\"Poseidon Calella\",\"description\":\"Centre de busseig situat a Palafrugell, a la Costa Brava\",\"publisher\":{\"@id\":\"https:\/\/www.poseidoncalella.com\/#organization\"},\"potentialAction\":[{\"@type\":\"SearchAction\",\"target\":{\"@type\":\"EntryPoint\",\"urlTemplate\":\"https:\/\/www.poseidoncalella.com\/?s={search_term_string}\"},\"query-input\":\"required name=search_term_string\"}],\"inLanguage\":\"es-CA\"},{\"@type\":\"Organization\",\"@id\":\"https:\/\/www.poseidoncalella.com\/#organization\",\"name\":\"Poseidon Diving\",\"alternateName\":\"Poseidon Calella\",\"url\":\"https:\/\/www.poseidoncalella.com\/\",\"logo\":{\"@type\":\"ImageObject\",\"inLanguage\":\"es-CA\",\"@id\":\"https:\/\/www.poseidoncalella.com\/#\/schema\/logo\/image\/\",\"url\":\"https:\/\/www.poseidoncalella.com\/wordpress2\/wp-content\/uploads\/2021\/06\/cropped-favicon-1-180x180-1.png\",\"contentUrl\":\"https:\/\/www.poseidoncalella.com\/wordpress2\/wp-content\/uploads\/2021\/06\/cropped-favicon-1-180x180-1.png\",\"width\":180,\"height\":180,\"caption\":\"Poseidon Diving\"},\"image\":{\"@id\":\"https:\/\/www.poseidoncalella.com\/#\/schema\/logo\/image\/\"},\"sameAs\":[\"https:\/\/www.facebook.com\/Poseidon.Calella\",\"https:\/\/www.instagram.com\/poseidoncostabrava\/\"]}]}<\/script>\n<!-- \/ Yoast SEO plugin. -->","yoast_head_json":{"title":"POL\u00cdTICA DE CANCELACI\u00d3 - Poseidon Calella","robots":{"index":"index","follow":"follow","max-snippet":"max-snippet:-1","max-image-preview":"max-image-preview:large","max-video-preview":"max-video-preview:-1"},"canonical":"https:\/\/www.poseidoncalella.com\/ca\/politica-de-cancelacio\/","og_locale":"es_ES","og_type":"article","og_title":"POL\u00cdTICA DE CANCELACI\u00d3 - Poseidon Calella","og_description":"POL\u00cdTICA DE CANCELACI\u00d3 Queda establert que \u00e9s possible l&#8217;anul\u00b7laci\u00f3 de l&#8217;activitat per part de centre de busseig POSEIDON DIVING causa de motius meteorol\u00f2gics o altres [&hellip;]","og_url":"https:\/\/www.poseidoncalella.com\/ca\/politica-de-cancelacio\/","og_site_name":"Poseidon Calella","article_publisher":"https:\/\/www.facebook.com\/Poseidon.Calella","twitter_card":"summary_large_image","twitter_misc":{"Est. reading time":"2 minutes"},"schema":{"@context":"https:\/\/schema.org","@graph":[{"@type":"WebPage","@id":"https:\/\/www.poseidoncalella.com\/ca\/politica-de-cancelacio\/","url":"https:\/\/www.poseidoncalella.com\/ca\/politica-de-cancelacio\/","name":"POL\u00cdTICA DE CANCELACI\u00d3 - Poseidon Calella","isPartOf":{"@id":"https:\/\/www.poseidoncalella.com\/#website"},"datePublished":"2021-07-12T10:59:10+00:00","dateModified":"2021-07-12T10:59:10+00:00","breadcrumb":{"@id":"https:\/\/www.poseidoncalella.com\/ca\/politica-de-cancelacio\/#breadcrumb"},"inLanguage":"es-CA","potentialAction":[{"@type":"ReadAction","target":["https:\/\/www.poseidoncalella.com\/ca\/politica-de-cancelacio\/"]}]},{"@type":"BreadcrumbList","@id":"https:\/\/www.poseidoncalella.com\/ca\/politica-de-cancelacio\/#breadcrumb","itemListElement":[{"@type":"ListItem","position":1,"name":"Portada","item":"https:\/\/www.poseidoncalella.com\/ca\/"},{"@type":"ListItem","position":2,"name":"POL\u00cdTICA DE CANCELACI\u00d3"}]},{"@type":"WebSite","@id":"https:\/\/www.poseidoncalella.com\/#website","url":"https:\/\/www.poseidoncalella.com\/","name":"Poseidon Calella","description":"Centre de busseig situat a Palafrugell, a la Costa Brava","publisher":{"@id":"https:\/\/www.poseidoncalella.com\/#organization"},"potentialAction":[{"@type":"SearchAction","target":{"@type":"EntryPoint","urlTemplate":"https:\/\/www.poseidoncalella.com\/?s={search_term_string}"},"query-input":"required name=search_term_string"}],"inLanguage":"es-CA"},{"@type":"Organization","@id":"https:\/\/www.poseidoncalella.com\/#organization","name":"Poseidon Diving","alternateName":"Poseidon Calella","url":"https:\/\/www.poseidoncalella.com\/","logo":{"@type":"ImageObject","inLanguage":"es-CA","@id":"https:\/\/www.poseidoncalella.com\/#\/schema\/logo\/image\/","url":"https:\/\/www.poseidoncalella.com\/wordpress2\/wp-content\/uploads\/2021\/06\/cropped-favicon-1-180x180-1.png","contentUrl":"https:\/\/www.poseidoncalella.com\/wordpress2\/wp-content\/uploads\/2021\/06\/cropped-favicon-1-180x180-1.png","width":180,"height":180,"caption":"Poseidon Diving"},"image":{"@id":"https:\/\/www.poseidoncalella.com\/#\/schema\/logo\/image\/"},"sameAs":["https:\/\/www.facebook.com\/Poseidon.Calella","https:\/\/www.instagram.com\/poseidoncostabrava\/"]}]}},"_links":{"self":[{"href":"https:\/\/www.poseidoncalella.com\/ca\/wp-json\/wp\/v2\/pages\/4016","targetHints":{"allow":["GET"]}}],"collection":[{"href":"https:\/\/www.poseidoncalella.com\/ca\/wp-json\/wp\/v2\/pages"}],"about":[{"href":"https:\/\/www.poseidoncalella.com\/ca\/wp-json\/wp\/v2\/types\/page"}],"author":[{"embeddable":true,"href":"https:\/\/www.poseidoncalella.com\/ca\/wp-json\/wp\/v2\/users\/1"}],"replies":[{"embeddable":true,"href":"https:\/\/www.poseidoncalella.com\/ca\/wp-json\/wp\/v2\/comments?post=4016"}],"version-history":[{"count":1,"href":"https:\/\/www.poseidoncalella.com\/ca\/wp-json\/wp\/v2\/pages\/4016\/revisions"}],"predecessor-version":[{"id":4018,"href":"https:\/\/www.poseidoncalella.com\/ca\/wp-json\/wp\/v2\/pages\/4016\/revisions\/4018"}],"wp:attachment":[{"href":"https:\/\/www.poseidoncalella.com\/ca\/wp-json\/wp\/v2\/media?parent=4016"}],"curies":[{"name":"wp","href":"https:\/\/api.w.org\/{rel}","templated":true}]}}