{"id":4008,"date":"2021-07-12T12:56:41","date_gmt":"2021-07-12T10:56:41","guid":{"rendered":"https:\/\/www.poseidoncalella.com\/?page_id=4008"},"modified":"2021-07-14T11:07:47","modified_gmt":"2021-07-14T09:07:47","slug":"condicions-de-contractacio","status":"publish","type":"page","link":"https:\/\/www.poseidoncalella.com\/ca\/condicions-de-contractacio\/","title":{"rendered":"CONDICIONS DE CONTRACTACI\u00d3"},"content":{"rendered":"<h2>CONDICIONS DE CONTRACTACI\u00d3<\/h2>\n<p>El present acord regula les condicions generals de compra dels diversos productes i serveis oferts en la present p\u00e0gina web per ALNA, S.A. (d&#8217;ara endavant ALNA) amb NIF n\u00fam. A17025826,\u00a0i domicili en c\/ Gelpi 6 de (17210) Calella de Palafrugell (Girona, Espanya).<\/p>\n<p>El CLIENT en el moment que completa el proc\u00e9s de registre, i compra algun dels nostres productes, accepta i se sotmet expressament a les cl\u00e0usules especificades a continuaci\u00f3, aix\u00ed com a les condicions d&#8217;acc\u00e9s i \u00fas del nostre portal i la seva pol\u00edtica de privacitat, accessibles a trav\u00e9s de l&#8217;enlla\u00e7 \u201cPol\u00edtica de Privacitat\u201d.<\/p>\n<p>El CLIENT reconeix disposar de capacitat legal suficient per a obligar-se contractualment.<\/p>\n<p>El contracte actual est\u00e0 permanentment accessible en els avisos legals de la nostra p\u00e0gina web.<\/p>\n<ol>\n<li><strong> PREUS I IMPOSTOS<\/strong><\/li>\n<\/ol>\n<p>En contraprestaci\u00f3 pel producte adquirit, el CLIENT accepta pagar expressament a ALNA les quantitats especificades en el moment de la compra en la relaci\u00f3 de preus establertes en la web <a href=\"https:\/\/www.poseidoncalella.com\/ca\/\">https:\/\/www.poseidoncalella.com\/<\/a> per als productes triats.<\/p>\n<p>Els productes que s&#8217;ofereixen en aquesta web estan subjectes a l&#8217;Impost del Valor Afegit (IVA) que EST\u00c0 INCL\u00d2S en els preus que es detallen per a cada producte.<\/p>\n<p>Una vegada finalitzada la selecci\u00f3 de productes i de manera pr\u00e8via a la confirmaci\u00f3 de la comanda i abans de conducta al pagament d&#8217;aquest, en pantalla apareixer\u00e0 el preu final de la compra que inclour\u00e0 l&#8217;IVA (Impost sobre el Valor Afegit) i les despeses de gesti\u00f3 recesi procedeixen, que es reflectiran en l&#8217;ordre de comanda en el moment d&#8217;efectuar la compra i en la factura.<\/p>\n<p>No s&#8217;inclou tot all\u00f2 que no aparegui especificat en la descripci\u00f3 com incl\u00f2s.<\/p>\n<ol start=\"2\">\n<li><strong> PROCEDIMENT DE COMPRA<\/strong><\/li>\n<\/ol>\n<p>A trav\u00e9s d&#8217;aquesta p\u00e0gina web solament podran ser realitzades comandes per persones f\u00edsiques majors de 14 anys i societats.<\/p>\n<p>En la p\u00e0gina web es detallen tots els nostres productes de manera individualitzada. El procediment per a efectuar i gestionar la compra es va indicant en la p\u00e0gina web i nom\u00e9s han de seguir-se els seg\u00fcents passos:<\/p>\n<ol>\n<li>Triar el producte que desitgi adquirir.<\/li>\n<li>En seleccionar un producte podr\u00e0 ser afegit a la Cistella de la Compra i podr\u00e0 triar entre continuar comprant o tramitar la comanda.<\/li>\n<li>Per a tramitar la comanda haur\u00e0 d&#8217;emplenar un formulari amb les seves dades personals per a formalitzar el procediment de compra.<\/li>\n<li>A continuaci\u00f3, es procedir\u00e0 a la verificaci\u00f3 de la comanda on es detallen un a un els articles seleccionats i es calcula el preu total.<\/li>\n<li>Aix\u00ed mateix, ser\u00e0 necessari indicar una adre\u00e7a a l&#8217;efecte de facturaci\u00f3 de la compra realitzada.<\/li>\n<li>Una vegada tramitat el proc\u00e9s, ser\u00e0 necessari marcar de manera pr\u00e8via una casella de verificaci\u00f3 de lectura i acceptaci\u00f3 els termes i condicions de venda.<\/li>\n<li>En la p\u00e0gina web se li facilitaran els mecanismes perqu\u00e8 pugui efectuar-se el pagament en funci\u00f3 del sistema triat en cada cas.<\/li>\n<li>Una vegada introdu\u00efts les dades per al pagament, haur\u00e0 de confirmar la comanda prement el bot\u00f3 \u201dComprar\u201d.<\/li>\n<li>Una vegada premut el bot\u00f3 &#8220;Comprar&#8221; es procedir\u00e0 a l&#8217;enviament mitjan\u00e7ant correu electr\u00f2nic del producte\/servei sol\u00b7licitat.<\/li>\n<\/ol>\n<p>El CLIENT es d\u00f3na per informat que les fotografies i descripcions dels productes en la p\u00e0gina web s\u00f3n una imatge aproximada dels productes i serveis oferts per la qual cosa \u00e9s possible que puguin diferir de l&#8217;original. Les descripcions i il\u00b7lustracions dels productes oferts a trav\u00e9s de la present p\u00e0gina web es realitzen merament a t\u00edtol informatiu.<\/p>\n<ol start=\"3\">\n<li><strong> DISPONIBILITAT I LLIURAMENT<\/strong><\/li>\n<\/ol>\n<p>Els productes oferts per ALNA es troben disponibles per a la seva venda en qualsevol part del m\u00f3n i per a la seva prestaci\u00f3 en les dates i llocs indicats en la descripci\u00f3 de cada activitat o servei de la web. Alguns dels serveis, productes i activitats que ofereix ALNA no es poden reservar i contractar a trav\u00e9s de la web, s\u00f3n serveis que es contracten via tel\u00e8fon i es paguen presencialment, aquests serveis quedaran clarament identificats en la p\u00e0gina web.<\/p>\n<p>Les comandes es processaran una vegada que s&#8217;hagi rebut correctament el pagament.<\/p>\n<p>A fi que en tot moment estigui informat de la gesti\u00f3 de la seva compra, rebr\u00e0 per correu electr\u00f2nic un av\u00eds de la confirmaci\u00f3 de la seva comanda i del pagament.<\/p>\n<p>ALNA es reserva el dret a anul\u00b7lar qualsevol reserva per motius meteorol\u00f2gics, ja que totes les activitats i serveis que s&#8217;ofereixen han de prestar-se dins d&#8217;unes a unes condicions meteorol\u00f2giques concretes. En cas d&#8217;anul\u00b7laci\u00f3 per motiu meteorol\u00f2gic per part de ALNA, se li oferir\u00e0 al CLIENT el canvi de data sense cap cost o la devoluci\u00f3 total dels imports pagats.<\/p>\n<ol start=\"4\">\n<li><strong> PAGAMENT I PER\u00cdODES DE PAGAMENT<\/strong><\/li>\n<\/ol>\n<p>S&#8217;accepta les seg\u00fcents formes de pagament:<\/p>\n<p>&#8211; <u>Targeta de Cr\u00e8dit i D\u00e8bit a trav\u00e9s de STRIPE<\/u>: a trav\u00e9s de la passarel\u00b7la de pagaments segurs de Stripe.<\/p>\n<p>&#8211; <u>Paypal<\/u>: Connectant directament amb Paypal.<\/p>\n<p>&#8211; <u>Transfer\u00e8ncia banc\u00e0ria<\/u>: realitzant un ingr\u00e9s de l&#8217;import total de la compra en el compte corrent que se li indica.<\/p>\n<p>Una vegada realitzat el pagament, rebr\u00e0 un correu electr\u00f2nic de confirmaci\u00f3 d&#8217;aquest.<\/p>\n<p>ALNA no t\u00e9 coneixement de les dades referents a la seva targeta de cr\u00e8dit. Tots els nostres sistemes de pagament s\u00f3n totalment segurs.<\/p>\n<p>Els pagaments s\u00f3n previs al lliurament del producte o prestaci\u00f3 del servei, per la qual cosa ALNA no proporcionar\u00e0 el producte sol\u00b7licitat fins al moment en qu\u00e8 hagi rebut el pagament d&#8217;aquest. ALNA es reserva el dret a cancel\u00b7lar temporal o definitivament els serveis prestats, davant qualsevol incid\u00e8ncia en mat\u00e8ria de cobrament d&#8217;aquests.<\/p>\n<ol start=\"5\">\n<li><strong> FACTURES<\/strong><\/li>\n<\/ol>\n<p>En realitzar el pagament corresponent, si el CLIENT el sol\u00b7licita expressament, rebr\u00e0 la Factura de la seva compra en format PDF en el correu electr\u00f2nic que hagi indicat a aquest efecte en el moment de tramitar la comanda. El CLIENT pot sol\u00b7licitar la factura electr\u00f2nica o en paper deixant un comentari en la comanda o contactant en <a href=\"mailto:info@poseidoncalella.com\">info@poseidoncalella.com<\/a>. En cas de voler obtenir una factura a nom de la seva empresa ha de posar-se en contacte amb atenci\u00f3 al client a l&#8217;email indicat anteriorment per a poder facilitar les dades fiscals necess\u00e0ries.<\/p>\n<p>El CLIENT \u00e9s responsable de la confirmaci\u00f3 de la recepci\u00f3 de les notificacions i de posar en el nostre coneixement qualsevol modificaci\u00f3 sobre les seves dades, quedant ALNA exonerada de qualsevol responsabilitat derivada per aquesta circumst\u00e0ncia.<\/p>\n<ol start=\"6\">\n<li><strong> GARANTIA<\/strong><\/li>\n<\/ol>\n<p>En ALNA ens esforcem per facilitar serveis de la m\u00e0xima qualitat, encara que, donada la naturalesa d&#8217;aquests, no podem oferir una garantia de satisfacci\u00f3. En cas que, per qualsevol motiu, no rebi el producte o servei correctament, haur\u00e0 de comunicar-nos-el al m\u00e9s aviat possible indicant-nos la incid\u00e8ncia que intentarem, si es verifica l&#8217;error, l&#8217;esmenarem com m\u00e9s aviat millor.<\/p>\n<ol start=\"7\">\n<li><strong> DEVOLUCIONS<\/strong><\/li>\n<\/ol>\n<p>Donada la naturalesa del servei objecte del contracte actual no \u00e9s possible efectuar devolucions.<\/p>\n<p>Aix\u00ed i tot, ALNA disposa d&#8217;una Pol\u00edtica de Devolucions per a uns certs serveis de cost elevat, perqu\u00e8 si es compleixen els requisits ALNA retorni una part del pagament, aquesta devoluci\u00f3 ser\u00e0 proporcional i dependr\u00e0 de cada sup\u00f2sit espec\u00edfic. El CLIENT pot sol\u00b7licitar informaci\u00f3 m\u00e9s detallada sobre la Pol\u00edtica de Devolucions de ALNA contactant a <a href=\"mailto:info@poseidoncalella.com\">info@poseidoncalella.com<\/a> per a verificar si cobreix al servei que vol contractar i de quina manera. com afecta el servei que vol contractar.<\/p>\n<ol start=\"8\">\n<li><strong> DRET DE DESISTIMENT<\/strong><\/li>\n<\/ol>\n<p>Segons el que s&#8217;estableix en l&#8217;article 103 punt l) del Reial decret legislatiu 1\/2007, de 16 de novembre, de Defensa dels Consumidors i Usuaris, l&#8217;informem que el dret de desistiment no ser\u00e0 aplicable als contractes que es refereixen a serveis relacionats amb activitats d&#8217;esplai si els contractes preveuen una data o un per\u00edode d&#8217;execuci\u00f3 espec\u00edfics. Per tant, no \u00e9s aplicable el dret de desistiment per als serveis oferts en la present web.<\/p>\n<ol start=\"9\">\n<li><strong> PERFECCI\u00d3 DEL CONTRACTE I MODIFICACIONS DELS SERVEIS<\/strong><\/li>\n<\/ol>\n<p>El contracte actual es perfeccionar\u00e0 amb el pagament del producte.<\/p>\n<p>ALNA es reserva el dret a modificar de qualsevol forma les caracter\u00edstiques i condicions dels seus serveis, sempre amb l&#8217;objectiu de millorar-los i que suposi un benefici per al CLIENT.<\/p>\n<ol start=\"10\">\n<li><strong> OBLIGACIONS DE LES PARTS<\/strong><\/li>\n<\/ol>\n<p>ALNA es compromet a proporcionar al CLIENT els productes i serveis que hagin estat contractats aplicant la m\u00e0xima dilig\u00e8ncia en la prestaci\u00f3 del servei, aix\u00ed com a cuidar del manteniment de les instal\u00b7lacions necess\u00e0ries per al funcionament de la xarxa i disposant per a aix\u00f2 d&#8217;un equip t\u00e8cnic i inform\u00e0tic adequat.<\/p>\n<p>El CLIENT es compromet a utilitzar els serveis que es posen a la seva disposici\u00f3 de bona fe, sense vulnerar les lleis vigents en qualsevol mat\u00e8ria o infringir drets de terceres persones, aix\u00ed com al pagament del producte seleccionat en el temps i forma fixat en les presents condicions de contractaci\u00f3.<\/p>\n<p>ALNA no garanteix que la disponibilitat del servei objecte d&#8217;aquest contracte sigui cont\u00ednua i ininterrompuda, per circumst\u00e0ncies originades per problemes en la xarxa d&#8217;Internet, avaries en els dispositius inform\u00e0tics i altres circumst\u00e0ncies imprevisibles. De manera que el CLIENT accepta suportar dins d&#8217;uns l\u00edmits raonables aquestes circumst\u00e0ncies, per la qual cosa renuncia expressament a reclamar a ALNA qualsevol responsabilitat contractual o extracontractual per les possibles fallades, errors i \u00fas del servei contractat.<\/p>\n<ol start=\"11\">\n<li><strong> COMUNICACIONS<\/strong><\/li>\n<\/ol>\n<p>Totes les notificacions entre les parts es realitzaran preferentment a trav\u00e9s de correu electr\u00f2nic. El CLIENT \u00e9s responsable de la confirmaci\u00f3 de la recepci\u00f3 de les notificacions i de posar en coneixement de ALNA qualsevol modificaci\u00f3 sobre les seves dades, quedant aquesta exonerada de qualsevol responsabilitat derivada per aquesta circumst\u00e0ncia. En cas de modificaci\u00f3 el CLIENT haur\u00e0 de posar-lo en coneixement de ALNA en l&#8217;e-mail o tel\u00e8fons indicats en la nostra p\u00e0gina web.<\/p>\n<p>En compliment de l&#8217;article 21 de la Llei 34\/2002 de Serveis de la Societat de la Informaci\u00f3 i Comer\u00e7 electr\u00f2nic, l&#8217;informem que els nostres enviaments comercials i informacions relatives a la nostra web i als productes en ella oferts, es realitzaran per mitj\u00e0 de correu electr\u00f2nic a l&#8217;adre\u00e7a d&#8217;e-mail que ens faciliti, sempre amb car\u00e0cter revocable. En tot cas, t\u00e9 l&#8217;opci\u00f3 de rebutjar les nostres comunicacions comercials enviant un correu electr\u00f2nic a l&#8217;adre\u00e7a <a href=\"mailto:info@poseidoncalella.com\">info@poseidoncalella.com<\/a> indicant en l&#8217;assumpte la paraula BAIXA.<\/p>\n<ol start=\"12\">\n<li><strong> COMPROM\u00cdS, ACCEPTACI\u00d3 I VALIDESA DEL CONTRACTE<\/strong><\/li>\n<\/ol>\n<p>El CLIENT reconeix haver llegit i acceptat les condicions legals d&#8217;\u00fas i la pol\u00edtica de privacitat de la p\u00e0gina web.<\/p>\n<p>El CLIENT reconeix que ha ent\u00e8s tota la informaci\u00f3 respecte als productes i serveis, incloent, en el seu cas, el de lliurament, oferts en la nostra p\u00e0gina web, aix\u00ed com totes les condicions i estipulacions recollides en el contracte actual electr\u00f2nic, per la qual cosa afirma que s\u00f3n suficients per a l&#8217;exclusi\u00f3 de l&#8217;error en el consentiment del contracte actual, i per tant, les accepta integra i expressament.<\/p>\n<p>El CLIENT \u00e9s plenament conscient que l&#8217;acceptaci\u00f3 i execuci\u00f3 del contracte actual tindr\u00e0 lloc per mitj\u00e0 del subministrament de les seves dades i la pulsaci\u00f3 del bot\u00f3 \u201cComprar\u201d indicat en la nostra p\u00e0gina web i que es perfeccionar\u00e0 amb el pagament del servei.<\/p>\n<ol start=\"13\">\n<li><strong> NORMATIVA APLICABLE<\/strong><\/li>\n<\/ol>\n<p>El contracte actual t\u00e9 car\u00e0cter mercantil, i es regir\u00e0 i interpretar\u00e0 d&#8217;acord amb les lleis espanyoles.<\/p>\n<p>En el cas que es produeixi qualsevol tipus de discrep\u00e0ncia o difer\u00e8ncia entre les parts en relaci\u00f3 amb la interpretaci\u00f3, contingut o execuci\u00f3 del Contracte que no sigui solucionada de mutu acord, les Parts se sotmetran als jutjats o tribunals que resultessin competents en cada cas, sempre que l&#8217;usuari sigui consumidor (el seu domicili).<\/p>\n<p>En els casos en qu\u00e8 en qu\u00e8 es prevegi que les parts puguin sotmetre&#8217;s a un fur, aquestes se sotmetran als Jutjats i Tribunals de la Bisbal de l&#8217;Empord\u00e0 (Espanya), amb ren\u00fancia expressa de qualsevol altre que els pogu\u00e9s correspondre.<\/p>\n<p>Aix\u00ed mateix, posem a la disposici\u00f3 dels nostres clients el seg\u00fcent enlla\u00e7 d&#8217;acc\u00e9s a la plataforma de resoluci\u00f3 de litigis en l\u00ednia oficial de la Comissi\u00f3 Europea:<\/p>\n<p><a href=\"https:\/\/ec.europa.eu\/consumers\/odr\/main\/index.cfm?event=main.home2.show&amp;lng=ES\">https:\/\/ec.europa.eu\/consumers\/odr\/main\/index.cfm?event=main.home2.show&amp;lng=ES<\/a><\/p>\n<ol start=\"14\">\n<li><strong> DADES PERSONALS<\/strong><\/li>\n<\/ol>\n<p><strong>Atenci\u00f3<\/strong>: Les presents Condicions Generals de Compra han estat actualitzades amb data 12\/07\/2021. En qualsevol moment podem procedir a la seva modificaci\u00f3, aix\u00ed com variar la relaci\u00f3 dels preus i productes oferts. Si us plau, comprovi la data d&#8217;emissi\u00f3 en cada ocasi\u00f3 en qu\u00e8 es connecti a la nostra p\u00e0gina Web i aix\u00ed tindr\u00e0 la certesa que no s&#8217;ha produ\u00eft cap modificaci\u00f3 que l&#8217;afecti.<\/p>\n","protected":false},"excerpt":{"rendered":"<p>CONDICIONS DE CONTRACTACI\u00d3 El present acord regula les condicions generals de compra dels diversos productes i serveis oferts en la present p\u00e0gina web per ALNA, [&hellip;]<\/p>\n","protected":false},"author":1,"featured_media":0,"parent":0,"menu_order":0,"comment_status":"closed","ping_status":"closed","template":"","meta":{"footnotes":""},"class_list":["post-4008","page","type-page","status-publish","hentry"],"yoast_head":"<!-- This site is optimized with the Yoast SEO plugin v22.4 - https:\/\/yoast.com\/wordpress\/plugins\/seo\/ -->\n<title>CONDICIONS DE CONTRACTACI\u00d3 - Poseidon Calella<\/title>\n<meta name=\"robots\" content=\"index, follow, max-snippet:-1, max-image-preview:large, max-video-preview:-1\" \/>\n<link rel=\"canonical\" href=\"https:\/\/www.poseidoncalella.com\/ca\/condicions-de-contractacio\/\" \/>\n<meta property=\"og:locale\" content=\"es_ES\" \/>\n<meta property=\"og:type\" content=\"article\" \/>\n<meta property=\"og:title\" content=\"CONDICIONS DE CONTRACTACI\u00d3 - Poseidon Calella\" \/>\n<meta property=\"og:description\" content=\"CONDICIONS DE CONTRACTACI\u00d3 El present acord regula les condicions generals de compra dels diversos productes i serveis oferts en la present p\u00e0gina web per ALNA, [&hellip;]\" \/>\n<meta property=\"og:url\" content=\"https:\/\/www.poseidoncalella.com\/ca\/condicions-de-contractacio\/\" \/>\n<meta property=\"og:site_name\" content=\"Poseidon Calella\" \/>\n<meta property=\"article:publisher\" content=\"https:\/\/www.facebook.com\/Poseidon.Calella\" \/>\n<meta property=\"article:modified_time\" content=\"2021-07-14T09:07:47+00:00\" \/>\n<meta name=\"twitter:card\" content=\"summary_large_image\" \/>\n<meta name=\"twitter:label1\" content=\"Est. reading time\" \/>\n\t<meta name=\"twitter:data1\" content=\"9 minutes\" \/>\n<script type=\"application\/ld+json\" class=\"yoast-schema-graph\">{\"@context\":\"https:\/\/schema.org\",\"@graph\":[{\"@type\":\"WebPage\",\"@id\":\"https:\/\/www.poseidoncalella.com\/ca\/condicions-de-contractacio\/\",\"url\":\"https:\/\/www.poseidoncalella.com\/ca\/condicions-de-contractacio\/\",\"name\":\"CONDICIONS DE CONTRACTACI\u00d3 - Poseidon Calella\",\"isPartOf\":{\"@id\":\"https:\/\/www.poseidoncalella.com\/#website\"},\"datePublished\":\"2021-07-12T10:56:41+00:00\",\"dateModified\":\"2021-07-14T09:07:47+00:00\",\"breadcrumb\":{\"@id\":\"https:\/\/www.poseidoncalella.com\/ca\/condicions-de-contractacio\/#breadcrumb\"},\"inLanguage\":\"es-CA\",\"potentialAction\":[{\"@type\":\"ReadAction\",\"target\":[\"https:\/\/www.poseidoncalella.com\/ca\/condicions-de-contractacio\/\"]}]},{\"@type\":\"BreadcrumbList\",\"@id\":\"https:\/\/www.poseidoncalella.com\/ca\/condicions-de-contractacio\/#breadcrumb\",\"itemListElement\":[{\"@type\":\"ListItem\",\"position\":1,\"name\":\"Portada\",\"item\":\"https:\/\/www.poseidoncalella.com\/ca\/\"},{\"@type\":\"ListItem\",\"position\":2,\"name\":\"CONDICIONS DE CONTRACTACI\u00d3\"}]},{\"@type\":\"WebSite\",\"@id\":\"https:\/\/www.poseidoncalella.com\/#website\",\"url\":\"https:\/\/www.poseidoncalella.com\/\",\"name\":\"Poseidon Calella\",\"description\":\"Centre de busseig situat a Palafrugell, a la Costa Brava\",\"publisher\":{\"@id\":\"https:\/\/www.poseidoncalella.com\/#organization\"},\"potentialAction\":[{\"@type\":\"SearchAction\",\"target\":{\"@type\":\"EntryPoint\",\"urlTemplate\":\"https:\/\/www.poseidoncalella.com\/?s={search_term_string}\"},\"query-input\":\"required name=search_term_string\"}],\"inLanguage\":\"es-CA\"},{\"@type\":\"Organization\",\"@id\":\"https:\/\/www.poseidoncalella.com\/#organization\",\"name\":\"Poseidon Diving\",\"alternateName\":\"Poseidon Calella\",\"url\":\"https:\/\/www.poseidoncalella.com\/\",\"logo\":{\"@type\":\"ImageObject\",\"inLanguage\":\"es-CA\",\"@id\":\"https:\/\/www.poseidoncalella.com\/#\/schema\/logo\/image\/\",\"url\":\"https:\/\/www.poseidoncalella.com\/wordpress2\/wp-content\/uploads\/2021\/06\/cropped-favicon-1-180x180-1.png\",\"contentUrl\":\"https:\/\/www.poseidoncalella.com\/wordpress2\/wp-content\/uploads\/2021\/06\/cropped-favicon-1-180x180-1.png\",\"width\":180,\"height\":180,\"caption\":\"Poseidon Diving\"},\"image\":{\"@id\":\"https:\/\/www.poseidoncalella.com\/#\/schema\/logo\/image\/\"},\"sameAs\":[\"https:\/\/www.facebook.com\/Poseidon.Calella\",\"https:\/\/www.instagram.com\/poseidoncostabrava\/\"]}]}<\/script>\n<!-- \/ Yoast SEO plugin. -->","yoast_head_json":{"title":"CONDICIONS DE CONTRACTACI\u00d3 - Poseidon Calella","robots":{"index":"index","follow":"follow","max-snippet":"max-snippet:-1","max-image-preview":"max-image-preview:large","max-video-preview":"max-video-preview:-1"},"canonical":"https:\/\/www.poseidoncalella.com\/ca\/condicions-de-contractacio\/","og_locale":"es_ES","og_type":"article","og_title":"CONDICIONS DE CONTRACTACI\u00d3 - Poseidon Calella","og_description":"CONDICIONS DE CONTRACTACI\u00d3 El present acord regula les condicions generals de compra dels diversos productes i serveis oferts en la present p\u00e0gina web per ALNA, [&hellip;]","og_url":"https:\/\/www.poseidoncalella.com\/ca\/condicions-de-contractacio\/","og_site_name":"Poseidon Calella","article_publisher":"https:\/\/www.facebook.com\/Poseidon.Calella","article_modified_time":"2021-07-14T09:07:47+00:00","twitter_card":"summary_large_image","twitter_misc":{"Est. reading time":"9 minutes"},"schema":{"@context":"https:\/\/schema.org","@graph":[{"@type":"WebPage","@id":"https:\/\/www.poseidoncalella.com\/ca\/condicions-de-contractacio\/","url":"https:\/\/www.poseidoncalella.com\/ca\/condicions-de-contractacio\/","name":"CONDICIONS DE CONTRACTACI\u00d3 - Poseidon Calella","isPartOf":{"@id":"https:\/\/www.poseidoncalella.com\/#website"},"datePublished":"2021-07-12T10:56:41+00:00","dateModified":"2021-07-14T09:07:47+00:00","breadcrumb":{"@id":"https:\/\/www.poseidoncalella.com\/ca\/condicions-de-contractacio\/#breadcrumb"},"inLanguage":"es-CA","potentialAction":[{"@type":"ReadAction","target":["https:\/\/www.poseidoncalella.com\/ca\/condicions-de-contractacio\/"]}]},{"@type":"BreadcrumbList","@id":"https:\/\/www.poseidoncalella.com\/ca\/condicions-de-contractacio\/#breadcrumb","itemListElement":[{"@type":"ListItem","position":1,"name":"Portada","item":"https:\/\/www.poseidoncalella.com\/ca\/"},{"@type":"ListItem","position":2,"name":"CONDICIONS DE CONTRACTACI\u00d3"}]},{"@type":"WebSite","@id":"https:\/\/www.poseidoncalella.com\/#website","url":"https:\/\/www.poseidoncalella.com\/","name":"Poseidon Calella","description":"Centre de busseig situat a Palafrugell, a la Costa Brava","publisher":{"@id":"https:\/\/www.poseidoncalella.com\/#organization"},"potentialAction":[{"@type":"SearchAction","target":{"@type":"EntryPoint","urlTemplate":"https:\/\/www.poseidoncalella.com\/?s={search_term_string}"},"query-input":"required name=search_term_string"}],"inLanguage":"es-CA"},{"@type":"Organization","@id":"https:\/\/www.poseidoncalella.com\/#organization","name":"Poseidon Diving","alternateName":"Poseidon Calella","url":"https:\/\/www.poseidoncalella.com\/","logo":{"@type":"ImageObject","inLanguage":"es-CA","@id":"https:\/\/www.poseidoncalella.com\/#\/schema\/logo\/image\/","url":"https:\/\/www.poseidoncalella.com\/wordpress2\/wp-content\/uploads\/2021\/06\/cropped-favicon-1-180x180-1.png","contentUrl":"https:\/\/www.poseidoncalella.com\/wordpress2\/wp-content\/uploads\/2021\/06\/cropped-favicon-1-180x180-1.png","width":180,"height":180,"caption":"Poseidon Diving"},"image":{"@id":"https:\/\/www.poseidoncalella.com\/#\/schema\/logo\/image\/"},"sameAs":["https:\/\/www.facebook.com\/Poseidon.Calella","https:\/\/www.instagram.com\/poseidoncostabrava\/"]}]}},"_links":{"self":[{"href":"https:\/\/www.poseidoncalella.com\/ca\/wp-json\/wp\/v2\/pages\/4008","targetHints":{"allow":["GET"]}}],"collection":[{"href":"https:\/\/www.poseidoncalella.com\/ca\/wp-json\/wp\/v2\/pages"}],"about":[{"href":"https:\/\/www.poseidoncalella.com\/ca\/wp-json\/wp\/v2\/types\/page"}],"author":[{"embeddable":true,"href":"https:\/\/www.poseidoncalella.com\/ca\/wp-json\/wp\/v2\/users\/1"}],"replies":[{"embeddable":true,"href":"https:\/\/www.poseidoncalella.com\/ca\/wp-json\/wp\/v2\/comments?post=4008"}],"version-history":[{"count":4,"href":"https:\/\/www.poseidoncalella.com\/ca\/wp-json\/wp\/v2\/pages\/4008\/revisions"}],"predecessor-version":[{"id":4083,"href":"https:\/\/www.poseidoncalella.com\/ca\/wp-json\/wp\/v2\/pages\/4008\/revisions\/4083"}],"wp:attachment":[{"href":"https:\/\/www.poseidoncalella.com\/ca\/wp-json\/wp\/v2\/media?parent=4008"}],"curies":[{"name":"wp","href":"https:\/\/api.w.org\/{rel}","templated":true}]}}