{"id":3977,"date":"2021-07-12T12:08:22","date_gmt":"2021-07-12T10:08:22","guid":{"rendered":"https:\/\/www.poseidoncalella.com\/?page_id=3977"},"modified":"2021-07-13T14:08:43","modified_gmt":"2021-07-13T12:08:43","slug":"avis-legal","status":"publish","type":"page","link":"https:\/\/www.poseidoncalella.com\/ca\/avis-legal\/","title":{"rendered":"AV\u00cdS LEGAL"},"content":{"rendered":"<h2>AV\u00cdS LEGAL<\/h2>\n<p>Aquesta p\u00e0gina Web \u00e9s propietat d\u2019ALNA, S.A. (d&#8217;ara endavant ALNA) amb NIF n\u00ba A17025826 i domicili al carrer c\/ Gelpi 6, Calella de Palafrugell (17210), Girona i Inscrita en el Registre Mercantil de Hoja GI-8802 \u00a0Tomo 454 \u00a0Folio 67.<\/p>\n<p>Per a qualsevol consulta o proposta, contacti&#8217;ns a l&#8217;e-mail en <a href=\"mailto:info@poseidoncalella.com\">info@poseidoncalella.com<\/a>.<\/p>\n<p>Aquesta p\u00e0gina Web es regeix per la normativa exclusivament aplicable a Espanya, quedant sotmesa a ella, tant nacionals com estrangers que utilitzin aquesta Web.<\/p>\n<p>L&#8217;acc\u00e9s a la nostra p\u00e0gina Web per part de l&#8217;USUARI \u00e9s gratu\u00eft i est\u00e0 condicionat a la pr\u00e8via lectura i acceptaci\u00f3 integra, expressa i sense reserves de les presents <strong>CONDICIONS GENERALS D&#8217;\u00daS<\/strong> vigents al moment de l&#8217;acc\u00e9s, que preguem llegeixi detingudament. L&#8217;USUARI, en el moment que utilitza el nostre portal, els seus continguts o serveis, <strong>accepta i es sotmet expressament a les condicions generals d&#8217;\u00fas del mateix<\/strong>. Si l&#8217;usuari no estigu\u00e9s d&#8217;acord amb les presents condicions d&#8217;\u00fas, haur\u00e0 d&#8217;abstenir-se d&#8217;utilitzar aquest portal i operar per mitj\u00e0 del mateix.<\/p>\n<p>El subministrament de dades personals i la compra de productes a trav\u00e9s del nostre portal requereix una <strong>edat m\u00ednima de 14 anys<\/strong>, o si escau, disposar de capacitat jur\u00eddica suficient per contractar.<\/p>\n<p>A qualsevol moment podrem modificar la presentaci\u00f3 i configuraci\u00f3 de la nostra Web, ampliar o reduir serveis, i fins i tot suprimir-la de la Xarxa, aix\u00ed com els serveis i continguts prestats, tot aix\u00f2 de forma unilateral i sense previ av\u00eds.<\/p>\n<p><strong>Propietat Intel\u00b7lectual<\/strong><\/p>\n<p>Tots els continguts, textos, imatges, i codis font s\u00f3n propietat de ALNA o de tercers dels quals s&#8217;han adquirit els seus drets d&#8217;explotaci\u00f3, i estan protegits pels drets de Propietat Intel\u00b7lectual i Industrial.<\/p>\n<p>L&#8217;usuari \u00fanicament t\u00e9 dret a un \u00fas privat dels mateixos, sense \u00e0nim de lucre, i necessita autoritzaci\u00f3 expressa per modificar-los, reproduir-los, explotar-los, distribuir-los o qualsevol dret pertanyent al seu titular.<\/p>\n<p>ALNA \u00e9s una marca registrada, i est\u00e0 prohibida la seva reproducci\u00f3, imitaci\u00f3, utilitzaci\u00f3 o inserci\u00f3 sense la nostra deguda autoritzaci\u00f3.<\/p>\n<p>L&#8217;establiment d&#8217;enlla\u00e7os al nostre portal no confereix cap dret sobre el mateix. Aix\u00ed mateix, el simple fet d&#8217;establir un enlla\u00e7 a la nostra p\u00e0gina web no d\u00f3na dret a atorgar-se la categoria de col\u00b7laborador o soci.<\/p>\n<p>ALNA queda exonerat de responsabilitat per qualsevol reclamaci\u00f3 respecte als drets de propietat intel\u00b7lectual dels articles i imatges publicades per tercers al seu portal.<\/p>\n<p>Est\u00e0 absolutament prohibida la imitaci\u00f3 ja sigui total o parcial del nostre portal.<\/p>\n<p><strong>Condicions d&#8217;Acc\u00e9s<\/strong><\/p>\n<p>L&#8217;acc\u00e9s a la nostra p\u00e0gina Web \u00e9s gratu\u00eft i no exigeix pr\u00e8via subscripci\u00f3 o registre.<\/p>\n<p>L&#8217;enviament de dades personals implica l&#8217;acceptaci\u00f3 expressa per part de l&#8217;USUARI de la nostra pol\u00edtica de privacitat.<\/p>\n<p>L&#8217;usuari ha d&#8217;accedir a la nostra p\u00e0gina Web conforme a la bona fe i les normes d&#8217;ordre p\u00fablic a les presents Condicions Generals d&#8217;\u00fas. L&#8217;acc\u00e9s al nostre lloc web es realitza sota la pr\u00f2pia i exclusiva responsabilitat de l&#8217;usuari, que respondr\u00e0 en tot cas dels danys i perjudicis que pugui causar a tercers o a nosaltres mateixos.<\/p>\n<p>L&#8217;usuari t\u00e9 expressament prohibit la utilitzaci\u00f3 i obtenci\u00f3 dels serveis, productes i continguts oferts a la present p\u00e0gina web, per procediments diferents als estipulats en les presents condicions d&#8217;\u00fas, i, si escau, en les condicions particulars que regulin l&#8217;adquisici\u00f3 de determinats productes.<\/p>\n<p>L&#8217;USUARI t\u00e9 prohibit qualsevol tipus d&#8217;acci\u00f3 sobre el nostre portal que origini una excessiva sobrec\u00e0rrega de funcionament als nostres sistemes inform\u00e0tics, aix\u00ed com la introducci\u00f3 de virus, o instal\u00b7laci\u00f3 de robots, o programari que alteri el normal funcionament de la nostra web. En definitiva, qualsevol tipus d\u2019acci\u00f3 que pugui causar danys als nostres sistemes inform\u00e0tics.<\/p>\n<p>Tenint en compte la impossibilitat de control respecte a la informaci\u00f3, continguts i serveis que continguin altres websites a les quals es pugui accedir a trav\u00e9s dels enlla\u00e7os que la nostra p\u00e0gina web pugui posar a la seva disposici\u00f3, li comuniquem que ALNA queda eximida de qualsevol responsabilitat pels danys i perjudicis de tota classe que poguessin derivar per la utilitzaci\u00f3 d&#8217;aquestes p\u00e0gines web alienes a la nostra empresa per part de l&#8217;usuari.<\/p>\n<p>ALNA es reserva el dret unilateral i sense preav\u00eds de donar de baixa a qualsevol USUARI que l&#8217;organitzaci\u00f3 entengui que ha vulnerat les condicions que regeixen l&#8217;\u00fas de la nostra p\u00e0gina web, sense que l&#8217;USUARI tingui dret a reclamaci\u00f3 de cap tipus per aquestes accions. Aix\u00ed mateix, es reserva el dret d&#8217;exercitar les accions legals oportunes contra aquells que vulnerin les presents condicions generals d&#8217;\u00fas, acceptant l&#8217;USUARI que la no iniciaci\u00f3 d&#8217;aquestes accions no constitueix una ren\u00fancia formal a les mateixes, romanent aquestes vigents fins als terminis legals de prescripci\u00f3 de les infraccions.<\/p>\n<p><strong> Pol\u00edtica de Privacitat<\/strong><\/p>\n<p>La confidencialitat i la seguretat s\u00f3n valors primordials de ALNA i, en conseq\u00fc\u00e8ncia, assumim el comprom\u00eds de garantir la privadesa de l&#8217;Usuari a tot moment i de no recaptar informaci\u00f3 innecess\u00e0ria.<\/p>\n<p>El subministrament de dades personals a trav\u00e9s del nostre portal requereix una edat m\u00ednima de 14 anys i l&#8217;acceptaci\u00f3 expressa de la nostra <u>Pol\u00edtica de Privacitat<\/u>.<\/p>\n<p><strong> Responsabilitats<\/strong><\/p>\n<p>En posar a la disposici\u00f3 de l&#8217;usuari aquesta p\u00e0gina Web volem oferir-li un servei de qualitat, utilitzant la m\u00e0xima dilig\u00e8ncia en la prestaci\u00f3 del mateix aix\u00ed com en els mitjans tecnol\u00f2gics utilitzats. No obstant aix\u00f2, no respondrem de la pres\u00e8ncia de virus i altres elements que d&#8217;alguna manera puguin danyar el sistema inform\u00e0tic de l&#8217;usuari.<\/p>\n<p>ALNA no garanteix que la disponibilitat del servei sigui cont\u00ednua i ininterrompuda, per circumst\u00e0ncies originades per problemes a la xarxa d&#8217;Internet, avaries en els dispositius inform\u00e0tics o altres circumst\u00e0ncies imprevisibles, de manera que l&#8217;USUARI accepta suportar dins d&#8217;uns l\u00edmits raonables aquestes circumst\u00e0ncies, per la qual cosa renuncia expressament a reclamar a ALNA qualsevol responsabilitat per les possibles fallades, errors i \u00fas del servei.<\/p>\n<p>L&#8217;usuari assumeix tota la responsabilitat derivada de l&#8217;\u00fas de la nostra p\u00e0gina web, sent l&#8217;\u00fanic responsable de tot efecte directe o indirecte que sobre la p\u00e0gina web es derivi, incloent, de forma enunciativa i no limitativa, tot resultat econ\u00f2mic, t\u00e8cnic i\/o jur\u00eddic advers, aix\u00ed com la defraudaci\u00f3 de les expectatives generades pel nostre portal, obligant-se l&#8217;usuari a mantenir indemne a ALNA per qualssevol reclamacions derivades, directa o indirectament de tals fets.<\/p>\n<p>ALNA no garanteix l&#8217;exactitud, veracitat i vig\u00e8ncia dels continguts d&#8217;aquesta p\u00e0gina web, ja siguin propis, de tercers, o enlla\u00e7ables a altres webs, quedant totalment exonerada de qualsevol responsabilitat derivada de l&#8217;\u00fas d&#8217;aquests.<\/p>\n<p>ALNA queda exonerat de qualsevol responsabilitat derivada de qualsevol reclamaci\u00f3, incl\u00f2s el pagament d&#8217;honoraris a advocats, per les demandes i reclamacions originades per tercers per l&#8217;incompliment per part de l&#8217;USUARI de les nostres condicions d&#8217;\u00fas, acc\u00e9s i pol\u00edtica de privadesa, o qualsevol altra reclamaci\u00f3 per l&#8217;incompliment de la legislaci\u00f3 vigent.<\/p>\n<p>L&#8217;USUARI reconeix que ha ent\u00e8s tota la informaci\u00f3 respecte a les condicions d&#8217;\u00fas del nostre portal, i reconeix que s\u00f3n suficients per a l&#8217;exclusi\u00f3 de l&#8217;error en aquestes, i per tant, les accepta \u00edntegra i expressament.<\/p>\n<p>L&#8217;USUARI \u00e9s plenament conscient que la mera navegaci\u00f3 per la present p\u00e0gina web, aix\u00ed com la utilitzaci\u00f3 dels seus serveis, implica l&#8217;acceptaci\u00f3 de les presents condicions d&#8217;\u00fas.<\/p>\n<p>Tot el referent a la nostra p\u00e0gina web, es regeix exclusivament per les lleis espanyoles. En el cas que es produeixi qualsevol tipus de discrep\u00e0ncia o difer\u00e8ncia entre les parts en relaci\u00f3 amb la interpretaci\u00f3 i contingut de la present p\u00e0gina web, totes les parts se sotmeten als Jutjats i Tribunals que les parts acordin o, els que legalment corresponguin.<\/p>\n<p><strong> Vig\u00e8ncia de les condicions generals d&#8217;acc\u00e9s a la web<\/strong><\/p>\n<p>Les presents Condicions Generals d&#8217;\u00fas han estat modificades amb data 12\/07\/2021. A qualsevol moment podem procedir a la seva modificaci\u00f3. Per favor, comprovi la data d&#8217;emissi\u00f3 en cada ocasi\u00f3 en qu\u00e8 es connecti a la nostra p\u00e0gina Web i aix\u00ed tindr\u00e0 la certesa que no s&#8217;ha produ\u00eft modificaci\u00f3 alguna que li afecti.<\/p>\n<p>Per a qualsevol q\u00fcesti\u00f3 respecte a les Condicions d&#8217;\u00das de la nostra p\u00e0gina web, pot posar-se en contacte amb nosaltres amb les dades a dalt indicades, o amb Lant Advocats en <a href=\"mailto:info@lant-advocats.com\">info@lant-advocats.com<\/a> o en <a href=\"https:\/\/www.lant-abogados.com\/\">https:\/\/www.lant-abogados.com\/<\/a>.<\/p>\n","protected":false},"excerpt":{"rendered":"<p>AV\u00cdS LEGAL Aquesta p\u00e0gina Web \u00e9s propietat d\u2019ALNA, S.A. (d&#8217;ara endavant ALNA) amb NIF n\u00ba A17025826 i domicili al carrer c\/ Gelpi 6, Calella de [&hellip;]<\/p>\n","protected":false},"author":1,"featured_media":0,"parent":0,"menu_order":0,"comment_status":"closed","ping_status":"closed","template":"","meta":{"footnotes":""},"class_list":["post-3977","page","type-page","status-publish","hentry"],"yoast_head":"<!-- This site is optimized with the Yoast SEO plugin v22.4 - https:\/\/yoast.com\/wordpress\/plugins\/seo\/ -->\n<title>AV\u00cdS LEGAL - Poseidon Calella<\/title>\n<meta name=\"robots\" content=\"index, follow, max-snippet:-1, max-image-preview:large, max-video-preview:-1\" \/>\n<link rel=\"canonical\" href=\"https:\/\/www.poseidoncalella.com\/ca\/avis-legal\/\" \/>\n<meta property=\"og:locale\" content=\"es_ES\" \/>\n<meta property=\"og:type\" content=\"article\" \/>\n<meta property=\"og:title\" content=\"AV\u00cdS LEGAL - Poseidon Calella\" \/>\n<meta property=\"og:description\" content=\"AV\u00cdS LEGAL Aquesta p\u00e0gina Web \u00e9s propietat d\u2019ALNA, S.A. (d&#8217;ara endavant ALNA) amb NIF n\u00ba A17025826 i domicili al carrer c\/ Gelpi 6, Calella de [&hellip;]\" \/>\n<meta property=\"og:url\" content=\"https:\/\/www.poseidoncalella.com\/ca\/avis-legal\/\" \/>\n<meta property=\"og:site_name\" content=\"Poseidon Calella\" \/>\n<meta property=\"article:publisher\" content=\"https:\/\/www.facebook.com\/Poseidon.Calella\" \/>\n<meta property=\"article:modified_time\" content=\"2021-07-13T12:08:43+00:00\" \/>\n<meta name=\"twitter:card\" content=\"summary_large_image\" \/>\n<meta name=\"twitter:label1\" content=\"Est. reading time\" \/>\n\t<meta name=\"twitter:data1\" content=\"6 minutes\" \/>\n<script type=\"application\/ld+json\" class=\"yoast-schema-graph\">{\"@context\":\"https:\/\/schema.org\",\"@graph\":[{\"@type\":\"WebPage\",\"@id\":\"https:\/\/www.poseidoncalella.com\/ca\/avis-legal\/\",\"url\":\"https:\/\/www.poseidoncalella.com\/ca\/avis-legal\/\",\"name\":\"AV\u00cdS LEGAL - Poseidon Calella\",\"isPartOf\":{\"@id\":\"https:\/\/www.poseidoncalella.com\/#website\"},\"datePublished\":\"2021-07-12T10:08:22+00:00\",\"dateModified\":\"2021-07-13T12:08:43+00:00\",\"breadcrumb\":{\"@id\":\"https:\/\/www.poseidoncalella.com\/ca\/avis-legal\/#breadcrumb\"},\"inLanguage\":\"es-CA\",\"potentialAction\":[{\"@type\":\"ReadAction\",\"target\":[\"https:\/\/www.poseidoncalella.com\/ca\/avis-legal\/\"]}]},{\"@type\":\"BreadcrumbList\",\"@id\":\"https:\/\/www.poseidoncalella.com\/ca\/avis-legal\/#breadcrumb\",\"itemListElement\":[{\"@type\":\"ListItem\",\"position\":1,\"name\":\"Portada\",\"item\":\"https:\/\/www.poseidoncalella.com\/ca\/\"},{\"@type\":\"ListItem\",\"position\":2,\"name\":\"AV\u00cdS LEGAL\"}]},{\"@type\":\"WebSite\",\"@id\":\"https:\/\/www.poseidoncalella.com\/#website\",\"url\":\"https:\/\/www.poseidoncalella.com\/\",\"name\":\"Poseidon Calella\",\"description\":\"Centre de busseig situat a Palafrugell, a la Costa Brava\",\"publisher\":{\"@id\":\"https:\/\/www.poseidoncalella.com\/#organization\"},\"potentialAction\":[{\"@type\":\"SearchAction\",\"target\":{\"@type\":\"EntryPoint\",\"urlTemplate\":\"https:\/\/www.poseidoncalella.com\/?s={search_term_string}\"},\"query-input\":\"required name=search_term_string\"}],\"inLanguage\":\"es-CA\"},{\"@type\":\"Organization\",\"@id\":\"https:\/\/www.poseidoncalella.com\/#organization\",\"name\":\"Poseidon Diving\",\"alternateName\":\"Poseidon Calella\",\"url\":\"https:\/\/www.poseidoncalella.com\/\",\"logo\":{\"@type\":\"ImageObject\",\"inLanguage\":\"es-CA\",\"@id\":\"https:\/\/www.poseidoncalella.com\/#\/schema\/logo\/image\/\",\"url\":\"https:\/\/www.poseidoncalella.com\/wordpress2\/wp-content\/uploads\/2021\/06\/cropped-favicon-1-180x180-1.png\",\"contentUrl\":\"https:\/\/www.poseidoncalella.com\/wordpress2\/wp-content\/uploads\/2021\/06\/cropped-favicon-1-180x180-1.png\",\"width\":180,\"height\":180,\"caption\":\"Poseidon Diving\"},\"image\":{\"@id\":\"https:\/\/www.poseidoncalella.com\/#\/schema\/logo\/image\/\"},\"sameAs\":[\"https:\/\/www.facebook.com\/Poseidon.Calella\",\"https:\/\/www.instagram.com\/poseidoncostabrava\/\"]}]}<\/script>\n<!-- \/ Yoast SEO plugin. -->","yoast_head_json":{"title":"AV\u00cdS LEGAL - Poseidon Calella","robots":{"index":"index","follow":"follow","max-snippet":"max-snippet:-1","max-image-preview":"max-image-preview:large","max-video-preview":"max-video-preview:-1"},"canonical":"https:\/\/www.poseidoncalella.com\/ca\/avis-legal\/","og_locale":"es_ES","og_type":"article","og_title":"AV\u00cdS LEGAL - Poseidon Calella","og_description":"AV\u00cdS LEGAL Aquesta p\u00e0gina Web \u00e9s propietat d\u2019ALNA, S.A. (d&#8217;ara endavant ALNA) amb NIF n\u00ba A17025826 i domicili al carrer c\/ Gelpi 6, Calella de [&hellip;]","og_url":"https:\/\/www.poseidoncalella.com\/ca\/avis-legal\/","og_site_name":"Poseidon Calella","article_publisher":"https:\/\/www.facebook.com\/Poseidon.Calella","article_modified_time":"2021-07-13T12:08:43+00:00","twitter_card":"summary_large_image","twitter_misc":{"Est. reading time":"6 minutes"},"schema":{"@context":"https:\/\/schema.org","@graph":[{"@type":"WebPage","@id":"https:\/\/www.poseidoncalella.com\/ca\/avis-legal\/","url":"https:\/\/www.poseidoncalella.com\/ca\/avis-legal\/","name":"AV\u00cdS LEGAL - Poseidon Calella","isPartOf":{"@id":"https:\/\/www.poseidoncalella.com\/#website"},"datePublished":"2021-07-12T10:08:22+00:00","dateModified":"2021-07-13T12:08:43+00:00","breadcrumb":{"@id":"https:\/\/www.poseidoncalella.com\/ca\/avis-legal\/#breadcrumb"},"inLanguage":"es-CA","potentialAction":[{"@type":"ReadAction","target":["https:\/\/www.poseidoncalella.com\/ca\/avis-legal\/"]}]},{"@type":"BreadcrumbList","@id":"https:\/\/www.poseidoncalella.com\/ca\/avis-legal\/#breadcrumb","itemListElement":[{"@type":"ListItem","position":1,"name":"Portada","item":"https:\/\/www.poseidoncalella.com\/ca\/"},{"@type":"ListItem","position":2,"name":"AV\u00cdS LEGAL"}]},{"@type":"WebSite","@id":"https:\/\/www.poseidoncalella.com\/#website","url":"https:\/\/www.poseidoncalella.com\/","name":"Poseidon Calella","description":"Centre de busseig situat a Palafrugell, a la Costa Brava","publisher":{"@id":"https:\/\/www.poseidoncalella.com\/#organization"},"potentialAction":[{"@type":"SearchAction","target":{"@type":"EntryPoint","urlTemplate":"https:\/\/www.poseidoncalella.com\/?s={search_term_string}"},"query-input":"required name=search_term_string"}],"inLanguage":"es-CA"},{"@type":"Organization","@id":"https:\/\/www.poseidoncalella.com\/#organization","name":"Poseidon Diving","alternateName":"Poseidon Calella","url":"https:\/\/www.poseidoncalella.com\/","logo":{"@type":"ImageObject","inLanguage":"es-CA","@id":"https:\/\/www.poseidoncalella.com\/#\/schema\/logo\/image\/","url":"https:\/\/www.poseidoncalella.com\/wordpress2\/wp-content\/uploads\/2021\/06\/cropped-favicon-1-180x180-1.png","contentUrl":"https:\/\/www.poseidoncalella.com\/wordpress2\/wp-content\/uploads\/2021\/06\/cropped-favicon-1-180x180-1.png","width":180,"height":180,"caption":"Poseidon Diving"},"image":{"@id":"https:\/\/www.poseidoncalella.com\/#\/schema\/logo\/image\/"},"sameAs":["https:\/\/www.facebook.com\/Poseidon.Calella","https:\/\/www.instagram.com\/poseidoncostabrava\/"]}]}},"_links":{"self":[{"href":"https:\/\/www.poseidoncalella.com\/ca\/wp-json\/wp\/v2\/pages\/3977","targetHints":{"allow":["GET"]}}],"collection":[{"href":"https:\/\/www.poseidoncalella.com\/ca\/wp-json\/wp\/v2\/pages"}],"about":[{"href":"https:\/\/www.poseidoncalella.com\/ca\/wp-json\/wp\/v2\/types\/page"}],"author":[{"embeddable":true,"href":"https:\/\/www.poseidoncalella.com\/ca\/wp-json\/wp\/v2\/users\/1"}],"replies":[{"embeddable":true,"href":"https:\/\/www.poseidoncalella.com\/ca\/wp-json\/wp\/v2\/comments?post=3977"}],"version-history":[{"count":3,"href":"https:\/\/www.poseidoncalella.com\/ca\/wp-json\/wp\/v2\/pages\/3977\/revisions"}],"predecessor-version":[{"id":4071,"href":"https:\/\/www.poseidoncalella.com\/ca\/wp-json\/wp\/v2\/pages\/3977\/revisions\/4071"}],"wp:attachment":[{"href":"https:\/\/www.poseidoncalella.com\/ca\/wp-json\/wp\/v2\/media?parent=3977"}],"curies":[{"name":"wp","href":"https:\/\/api.w.org\/{rel}","templated":true}]}}